{"id":501,"date":"2020-08-27T22:48:16","date_gmt":"2020-08-27T22:48:16","guid":{"rendered":"http:\/\/guiasde.com\/aloneandinsane\/?page_id=501"},"modified":"2020-09-04T18:09:00","modified_gmt":"2020-09-04T18:09:00","slug":"about-p1ay","status":"publish","type":"page","link":"https:\/\/guiasde.com\/aloneandinsane\/about-p1ay\/","title":{"rendered":"ABOUT P1AY"},"content":{"rendered":"\t\t<div data-elementor-type=\"wp-page\" data-elementor-id=\"501\" class=\"elementor elementor-501\" data-elementor-settings=\"[]\">\n\t\t\t\t\t\t<div class=\"elementor-inner\">\n\t\t\t\t\t\t\t<div class=\"elementor-section-wrap\">\n\t\t\t\t\t\t\t<section class=\"elementor-section elementor-top-section elementor-element elementor-element-bc69aa6 elementor-section-full_width elementor-section-height-default elementor-section-height-default\" data-id=\"bc69aa6\" data-element_type=\"section\">\n\t\t\t\t\t\t<div class=\"elementor-container elementor-column-gap-no\">\n\t\t\t\t\t\t\t<div class=\"elementor-row\">\n\t\t\t\t\t<div class=\"elementor-column elementor-col-100 elementor-top-column elementor-element elementor-element-2feba2d elementor-invisible\" data-id=\"2feba2d\" data-element_type=\"column\" data-settings=\"{&quot;animation&quot;:&quot;fadeInDown&quot;}\">\n\t\t\t<div class=\"elementor-column-wrap elementor-element-populated\">\n\t\t\t\t\t\t\t<div class=\"elementor-widget-wrap\">\n\t\t\t\t\t\t<div class=\"elementor-element elementor-element-440a561 elementor-widget elementor-widget-image\" data-id=\"440a561\" data-element_type=\"widget\" data-widget_type=\"image.default\">\n\t\t\t\t<div class=\"elementor-widget-container\">\n\t\t\t\t\t<div class=\"elementor-image\">\n\t\t\t\t\t\t\t\t\t\t<img width=\"2560\" height=\"1020\" src=\"https:\/\/guiasde.com\/aloneandinsane\/wp-content\/uploads\/2020\/08\/17-scaled.jpg\" class=\"attachment-full size-full\" alt=\"\" loading=\"lazy\" srcset=\"https:\/\/guiasde.com\/aloneandinsane\/wp-content\/uploads\/2020\/08\/17-scaled.jpg 2560w, https:\/\/guiasde.com\/aloneandinsane\/wp-content\/uploads\/2020\/08\/17-300x119.jpg 300w, https:\/\/guiasde.com\/aloneandinsane\/wp-content\/uploads\/2020\/08\/17-1030x410.jpg 1030w, https:\/\/guiasde.com\/aloneandinsane\/wp-content\/uploads\/2020\/08\/17-768x306.jpg 768w, https:\/\/guiasde.com\/aloneandinsane\/wp-content\/uploads\/2020\/08\/17-1536x612.jpg 1536w, https:\/\/guiasde.com\/aloneandinsane\/wp-content\/uploads\/2020\/08\/17-2048x816.jpg 2048w, https:\/\/guiasde.com\/aloneandinsane\/wp-content\/uploads\/2020\/08\/17-1500x597.jpg 1500w, https:\/\/guiasde.com\/aloneandinsane\/wp-content\/uploads\/2020\/08\/17-705x281.jpg 705w, https:\/\/guiasde.com\/aloneandinsane\/wp-content\/uploads\/2020\/08\/17-600x239.jpg 600w\" sizes=\"(max-width: 2560px) 100vw, 2560px\" \/>\t\t\t\t\t\t\t\t\t\t\t<\/div>\n\t\t\t\t<\/div>\n\t\t\t\t<\/div>\n\t\t\t\t\t\t<\/div>\n\t\t\t\t\t<\/div>\n\t\t<\/div>\n\t\t\t\t\t\t\t\t<\/div>\n\t\t\t\t\t<\/div>\n\t\t<\/section>\n\t\t\t\t<section class=\"elementor-section elementor-top-section elementor-element elementor-element-cb41e09 elementor-section-boxed elementor-section-height-default elementor-section-height-default\" data-id=\"cb41e09\" data-element_type=\"section\" data-settings=\"{&quot;background_background&quot;:&quot;classic&quot;}\">\n\t\t\t\t\t\t<div class=\"elementor-container elementor-column-gap-no\">\n\t\t\t\t\t\t\t<div class=\"elementor-row\">\n\t\t\t\t\t<div class=\"elementor-column elementor-col-100 elementor-top-column elementor-element elementor-element-04c7f9a elementor-invisible\" data-id=\"04c7f9a\" data-element_type=\"column\" data-settings=\"{&quot;animation&quot;:&quot;fadeInDown&quot;}\">\n\t\t\t<div class=\"elementor-column-wrap elementor-element-populated\">\n\t\t\t\t\t\t\t<div class=\"elementor-widget-wrap\">\n\t\t\t\t\t\t<section class=\"elementor-section elementor-inner-section elementor-element elementor-element-574d785 elementor-section-full_width elementor-section-height-default elementor-section-height-default\" data-id=\"574d785\" data-element_type=\"section\">\n\t\t\t\t\t\t<div class=\"elementor-container elementor-column-gap-default\">\n\t\t\t\t\t\t\t<div class=\"elementor-row\">\n\t\t\t\t\t<div class=\"elementor-column elementor-col-50 elementor-inner-column elementor-element elementor-element-c946ca3\" data-id=\"c946ca3\" data-element_type=\"column\" data-settings=\"{&quot;background_background&quot;:&quot;classic&quot;}\">\n\t\t\t<div class=\"elementor-column-wrap elementor-element-populated\">\n\t\t\t\t\t\t\t<div class=\"elementor-widget-wrap\">\n\t\t\t\t\t\t<div class=\"elementor-element elementor-element-64a43d1 elementor-widget elementor-widget-heading\" data-id=\"64a43d1\" data-element_type=\"widget\" data-widget_type=\"heading.default\">\n\t\t\t\t<div class=\"elementor-widget-container\">\n\t\t\t<h2 class=\"elementor-heading-title elementor-size-default\">ABOUT P1AY<\/h2>\t\t<\/div>\n\t\t\t\t<\/div>\n\t\t\t\t\t\t<\/div>\n\t\t\t\t\t<\/div>\n\t\t<\/div>\n\t\t\t\t<div class=\"elementor-column elementor-col-50 elementor-inner-column elementor-element elementor-element-6678d7f\" data-id=\"6678d7f\" data-element_type=\"column\">\n\t\t\t<div class=\"elementor-column-wrap\">\n\t\t\t\t\t\t\t<div class=\"elementor-widget-wrap\">\n\t\t\t\t\t\t\t\t<\/div>\n\t\t\t\t\t<\/div>\n\t\t<\/div>\n\t\t\t\t\t\t\t\t<\/div>\n\t\t\t\t\t<\/div>\n\t\t<\/section>\n\t\t\t\t\t\t<\/div>\n\t\t\t\t\t<\/div>\n\t\t<\/div>\n\t\t\t\t\t\t\t\t<\/div>\n\t\t\t\t\t<\/div>\n\t\t<\/section>\n\t\t\t\t<section class=\"elementor-section elementor-top-section elementor-element elementor-element-e88b43c elementor-section-boxed elementor-section-height-default elementor-section-height-default\" data-id=\"e88b43c\" data-element_type=\"section\">\n\t\t\t\t\t\t\t<div class=\"elementor-background-overlay\"><\/div>\n\t\t\t\t\t\t\t<div class=\"elementor-container elementor-column-gap-no\">\n\t\t\t\t\t\t\t<div class=\"elementor-row\">\n\t\t\t\t\t<div class=\"elementor-column elementor-col-100 elementor-top-column elementor-element elementor-element-af58efb elementor-invisible\" data-id=\"af58efb\" data-element_type=\"column\" data-settings=\"{&quot;animation&quot;:&quot;fadeInDown&quot;}\">\n\t\t\t<div class=\"elementor-column-wrap elementor-element-populated\">\n\t\t\t\t\t\t\t<div class=\"elementor-widget-wrap\">\n\t\t\t\t\t\t<section class=\"elementor-section elementor-inner-section elementor-element elementor-element-cce7906 elementor-section-full_width elementor-section-height-default elementor-section-height-default\" data-id=\"cce7906\" data-element_type=\"section\">\n\t\t\t\t\t\t<div class=\"elementor-container elementor-column-gap-default\">\n\t\t\t\t\t\t\t<div class=\"elementor-row\">\n\t\t\t\t\t<div class=\"elementor-column elementor-col-50 elementor-inner-column elementor-element elementor-element-114180d\" data-id=\"114180d\" data-element_type=\"column\">\n\t\t\t<div class=\"elementor-column-wrap elementor-element-populated\">\n\t\t\t\t\t\t\t<div class=\"elementor-widget-wrap\">\n\t\t\t\t\t\t<div class=\"elementor-element elementor-element-b2673eb elementor-widget elementor-widget-text-editor\" data-id=\"b2673eb\" data-element_type=\"widget\" data-widget_type=\"text-editor.default\">\n\t\t\t\t<div class=\"elementor-widget-container\">\n\t\t\t\t\t<div class=\"elementor-text-editor elementor-clearfix\"><p>En el ya lejano 2015, nos fascin\u00f3 la idea de crear un centro especialista donde todos los deportistas pudieran perfeccionar lo que mas les apasiona. Para llegar a ello era necesario probar nuestras capacidades y aptitudes como formadores de personas, por lo cual nace la academia y tienda especializada en porteros Alone+Insane. Despu\u00e9s de 5 a\u00f1os, mas de 800 alumnos y miles de clientes satisfechos nos dimos cuenta que est\u00e1bamos listos para el siguiente paso: un complejo hecho para que los deportistas encuentren todo en un solo lugar; campo de futbol, tienda especializada, gimnasio, auditorio, vestidores, cl\u00ednicas, y mucho m\u00e1s.<\/p><\/div>\n\t\t\t\t<\/div>\n\t\t\t\t<\/div>\n\t\t\t\t<div class=\"elementor-element elementor-element-f9409b6 elementor-widget elementor-widget-text-editor\" data-id=\"f9409b6\" data-element_type=\"widget\" data-widget_type=\"text-editor.default\">\n\t\t\t\t<div class=\"elementor-widget-container\">\n\t\t\t\t\t<div class=\"elementor-text-editor elementor-clearfix\">En <strong>P1ay Sports Academy <\/strong>tenemos como objetivo brindar las herramientas necesarias a nuestros alumnos para que mediante el deporte puedan desarrollarse como mejores personas y cumplir sus sue\u00f1os, porque creemos en el potencial de cada uno de ellos. As\u00ed es como, mediante el mejor grupo de coaches del pa\u00eds, maximizamos cada habilidad que poseen.<\/div>\n\t\t\t\t<\/div>\n\t\t\t\t<\/div>\n\t\t\t\t\t\t<\/div>\n\t\t\t\t\t<\/div>\n\t\t<\/div>\n\t\t\t\t<div class=\"elementor-column elementor-col-50 elementor-inner-column elementor-element elementor-element-8373a6b\" data-id=\"8373a6b\" data-element_type=\"column\">\n\t\t\t<div class=\"elementor-column-wrap elementor-element-populated\">\n\t\t\t\t\t\t\t<div class=\"elementor-widget-wrap\">\n\t\t\t\t\t\t<div class=\"elementor-element elementor-element-213bd81 elementor-aspect-ratio-169 elementor-widget elementor-widget-video\" data-id=\"213bd81\" data-element_type=\"widget\" data-settings=\"{&quot;aspect_ratio&quot;:&quot;169&quot;}\" data-widget_type=\"video.default\">\n\t\t\t\t<div class=\"elementor-widget-container\">\n\t\t\t\t\t<div class=\"elementor-wrapper elementor-fit-aspect-ratio elementor-open-inline\">\n\t\t\t<iframe class=\"elementor-video-iframe\" allowfullscreen title=\"Reproductor de v\u00eddeo youtube\" src=\"https:\/\/www.youtube.com\/embed\/XD2U6xIu2_4?feature=oembed&amp;start&amp;end&amp;wmode=opaque&amp;loop=0&amp;controls=0&amp;mute=0&amp;rel=0&amp;modestbranding=0\"><\/iframe>\t\t<\/div>\n\t\t\t\t<\/div>\n\t\t\t\t<\/div>\n\t\t\t\t\t\t<\/div>\n\t\t\t\t\t<\/div>\n\t\t<\/div>\n\t\t\t\t\t\t\t\t<\/div>\n\t\t\t\t\t<\/div>\n\t\t<\/section>\n\t\t\t\t\t\t<\/div>\n\t\t\t\t\t<\/div>\n\t\t<\/div>\n\t\t\t\t\t\t\t\t<\/div>\n\t\t\t\t\t<\/div>\n\t\t<\/section>\n\t\t\t\t<section class=\"elementor-section elementor-top-section elementor-element elementor-element-3a073fb elementor-section-boxed elementor-section-height-default elementor-section-height-default\" data-id=\"3a073fb\" data-element_type=\"section\" data-settings=\"{&quot;background_background&quot;:&quot;classic&quot;}\">\n\t\t\t\t\t\t<div class=\"elementor-container elementor-column-gap-no\">\n\t\t\t\t\t\t\t<div class=\"elementor-row\">\n\t\t\t\t\t<div class=\"elementor-column elementor-col-100 elementor-top-column elementor-element elementor-element-6c6180e\" data-id=\"6c6180e\" data-element_type=\"column\">\n\t\t\t<div class=\"elementor-column-wrap elementor-element-populated\">\n\t\t\t\t\t\t\t<div class=\"elementor-widget-wrap\">\n\t\t\t\t\t\t\t\t<\/div>\n\t\t\t\t\t<\/div>\n\t\t<\/div>\n\t\t\t\t\t\t\t\t<\/div>\n\t\t\t\t\t<\/div>\n\t\t<\/section>\n\t\t\t\t<section class=\"elementor-section elementor-top-section elementor-element elementor-element-b543643 elementor-section-boxed elementor-section-height-default elementor-section-height-default\" data-id=\"b543643\" data-element_type=\"section\">\n\t\t\t\t\t\t<div class=\"elementor-container elementor-column-gap-default\">\n\t\t\t\t\t\t\t<div class=\"elementor-row\">\n\t\t\t\t\t<div class=\"elementor-column elementor-col-100 elementor-top-column elementor-element elementor-element-1498c7b\" data-id=\"1498c7b\" data-element_type=\"column\">\n\t\t\t<div class=\"elementor-column-wrap elementor-element-populated\">\n\t\t\t\t\t\t\t<div class=\"elementor-widget-wrap\">\n\t\t\t\t\t\t<div class=\"elementor-element elementor-element-c1a458c elementor-widget elementor-widget-spacer\" data-id=\"c1a458c\" data-element_type=\"widget\" data-widget_type=\"spacer.default\">\n\t\t\t\t<div class=\"elementor-widget-container\">\n\t\t\t\t\t<div class=\"elementor-spacer\">\n\t\t\t<div class=\"elementor-spacer-inner\"><\/div>\n\t\t<\/div>\n\t\t\t\t<\/div>\n\t\t\t\t<\/div>\n\t\t\t\t\t\t<\/div>\n\t\t\t\t\t<\/div>\n\t\t<\/div>\n\t\t\t\t\t\t\t\t<\/div>\n\t\t\t\t\t<\/div>\n\t\t<\/section>\n\t\t\t\t\t\t<\/div>\n\t\t\t\t\t\t<\/div>\n\t\t\t\t\t<\/div>\n\t\t","protected":false},"excerpt":{"rendered":"<p>ABOUT P1AY En el ya lejano 2015, nos fascin\u00f3 la idea de crear un centro especialista donde todos los deportistas pudieran perfeccionar lo que mas les apasiona. Para llegar a ello era necesario probar nuestras capacidades y aptitudes como formadores de personas, por lo cual nace la academia y tienda especializada en porteros Alone+Insane. Despu\u00e9s [&hellip;]<\/p>\n","protected":false},"author":1,"featured_media":0,"parent":0,"menu_order":0,"comment_status":"closed","ping_status":"closed","template":"elementor_header_footer","meta":[],"_links":{"self":[{"href":"https:\/\/guiasde.com\/aloneandinsane\/wp-json\/wp\/v2\/pages\/501"}],"collection":[{"href":"https:\/\/guiasde.com\/aloneandinsane\/wp-json\/wp\/v2\/pages"}],"about":[{"href":"https:\/\/guiasde.com\/aloneandinsane\/wp-json\/wp\/v2\/types\/page"}],"author":[{"embeddable":true,"href":"https:\/\/guiasde.com\/aloneandinsane\/wp-json\/wp\/v2\/users\/1"}],"replies":[{"embeddable":true,"href":"https:\/\/guiasde.com\/aloneandinsane\/wp-json\/wp\/v2\/comments?post=501"}],"version-history":[{"count":9,"href":"https:\/\/guiasde.com\/aloneandinsane\/wp-json\/wp\/v2\/pages\/501\/revisions"}],"predecessor-version":[{"id":577,"href":"https:\/\/guiasde.com\/aloneandinsane\/wp-json\/wp\/v2\/pages\/501\/revisions\/577"}],"wp:attachment":[{"href":"https:\/\/guiasde.com\/aloneandinsane\/wp-json\/wp\/v2\/media?parent=501"}],"curies":[{"name":"wp","href":"https:\/\/api.w.org\/{rel}","templated":true}]}}