{"id":1001,"date":"2021-02-12T18:22:19","date_gmt":"2021-02-12T18:22:19","guid":{"rendered":"http:\/\/guiasde.com\/alsim\/product\/4-almohadas-supreme-3d-2\/"},"modified":"2021-02-12T18:22:19","modified_gmt":"2021-02-12T18:22:19","slug":"4-almohadas-supreme-3d-2","status":"publish","type":"product","link":"https:\/\/guiasde.com\/alsim\/product\/4-almohadas-supreme-3d-2\/","title":{"rendered":"4 Almohadas Supreme 3D"},"content":{"rendered":"","protected":false},"excerpt":{"rendered":"<p>Almohada con relleno 100% poli\u00e9ster especial de down alternativo, soporte medio. Tela Premium 50% algod\u00f3n 50% poli\u00e9ster de 200, Hipoalerg\u00e9nicas, Indeformables, Lavables, con un tiempo de vida manteniendo su soporte original mayor de 3 a\u00f1os.<\/p>\n","protected":false},"featured_media":517,"comment_status":"open","ping_status":"closed","template":"","meta":[],"_links":{"self":[{"href":"https:\/\/guiasde.com\/alsim\/wp-json\/wp\/v2\/product\/1001"}],"collection":[{"href":"https:\/\/guiasde.com\/alsim\/wp-json\/wp\/v2\/product"}],"about":[{"href":"https:\/\/guiasde.com\/alsim\/wp-json\/wp\/v2\/types\/product"}],"replies":[{"embeddable":true,"href":"https:\/\/guiasde.com\/alsim\/wp-json\/wp\/v2\/comments?post=1001"}],"wp:featuredmedia":[{"embeddable":true,"href":"https:\/\/guiasde.com\/alsim\/wp-json\/wp\/v2\/media\/517"}],"wp:attachment":[{"href":"https:\/\/guiasde.com\/alsim\/wp-json\/wp\/v2\/media?parent=1001"}],"curies":[{"name":"wp","href":"https:\/\/api.w.org\/{rel}","templated":true}]}}