{"id":1004,"date":"2021-02-12T18:22:38","date_gmt":"2021-02-12T18:22:38","guid":{"rendered":"http:\/\/guiasde.com\/alsim\/product\/pillow-in-pillow-de-3-camaras\/"},"modified":"2021-02-12T19:12:43","modified_gmt":"2021-02-12T19:12:43","slug":"pillow-in-pillow-de-3-camaras","status":"publish","type":"product","link":"https:\/\/guiasde.com\/alsim\/product\/pillow-in-pillow-de-3-camaras\/","title":{"rendered":"Pillow in Pillow de 3 c\u00e1maras"},"content":{"rendered":"","protected":false},"excerpt":{"rendered":"<p>Almohada especial pillow in pillow de 3 c\u00e1maras, la c\u00e1mara interior contiene Down Sint\u00e9tico de Cluster Fibers y las c\u00e1maras exteriores microfibra de Down Alternativo. Este soporte especial brinda total comodidad para dormir de lado.<br \/>\nRelleno 100% poli\u00e9ster especial, fibra sint\u00e9tica. Tela especial de 100% algod\u00f3n de 233 hilos con proceso Silky Touch y acabado anti pluma, Hipoalerg\u00e9nicas, Indeformables, Lavables.<\/p>\n","protected":false},"featured_media":1003,"comment_status":"open","ping_status":"closed","template":"","meta":[],"_links":{"self":[{"href":"https:\/\/guiasde.com\/alsim\/wp-json\/wp\/v2\/product\/1004"}],"collection":[{"href":"https:\/\/guiasde.com\/alsim\/wp-json\/wp\/v2\/product"}],"about":[{"href":"https:\/\/guiasde.com\/alsim\/wp-json\/wp\/v2\/types\/product"}],"replies":[{"embeddable":true,"href":"https:\/\/guiasde.com\/alsim\/wp-json\/wp\/v2\/comments?post=1004"}],"wp:featuredmedia":[{"embeddable":true,"href":"https:\/\/guiasde.com\/alsim\/wp-json\/wp\/v2\/media\/1003"}],"wp:attachment":[{"href":"https:\/\/guiasde.com\/alsim\/wp-json\/wp\/v2\/media?parent=1004"}],"curies":[{"name":"wp","href":"https:\/\/api.w.org\/{rel}","templated":true}]}}