{"id":1006,"date":"2021-02-12T18:22:51","date_gmt":"2021-02-12T18:22:51","guid":{"rendered":"http:\/\/guiasde.com\/alsim\/product\/4-almohadas-hi-tec-ecologicas\/"},"modified":"2021-02-12T18:22:51","modified_gmt":"2021-02-12T18:22:51","slug":"4-almohadas-hi-tec-ecologicas","status":"publish","type":"product","link":"https:\/\/guiasde.com\/alsim\/product\/4-almohadas-hi-tec-ecologicas\/","title":{"rendered":"4 Almohadas Hi-Tec Ecol\u00f3gicas"},"content":{"rendered":"","protected":false},"excerpt":{"rendered":"<p>ALMOHADA Ecol\u00f3gica con relleno sint\u00e9tico 100% RECICLADO.<\/p>\n<p>Almohada especial para desarrollos eco tur\u00edsticos de la zona de la Resera de la Bi\u00f3sfera de Sian Ka\u00b4an y Tulum en Quintana Roo. Medidas 50 x 66 cms., incluye funda 100% algod\u00f3n. Soporte de suave a medio. Hipoalerg\u00e9nicas, Indeformables, Lavables.<\/p>\n<p>&nbsp;<\/p>\n","protected":false},"featured_media":1005,"comment_status":"open","ping_status":"closed","template":"","meta":[],"_links":{"self":[{"href":"https:\/\/guiasde.com\/alsim\/wp-json\/wp\/v2\/product\/1006"}],"collection":[{"href":"https:\/\/guiasde.com\/alsim\/wp-json\/wp\/v2\/product"}],"about":[{"href":"https:\/\/guiasde.com\/alsim\/wp-json\/wp\/v2\/types\/product"}],"replies":[{"embeddable":true,"href":"https:\/\/guiasde.com\/alsim\/wp-json\/wp\/v2\/comments?post=1006"}],"wp:featuredmedia":[{"embeddable":true,"href":"https:\/\/guiasde.com\/alsim\/wp-json\/wp\/v2\/media\/1005"}],"wp:attachment":[{"href":"https:\/\/guiasde.com\/alsim\/wp-json\/wp\/v2\/media?parent=1006"}],"curies":[{"name":"wp","href":"https:\/\/api.w.org\/{rel}","templated":true}]}}