{"id":1013,"date":"2021-02-12T18:23:34","date_gmt":"2021-02-12T18:23:34","guid":{"rendered":"http:\/\/guiasde.com\/alsim\/product\/paquete-de-3-almohadas-zigtech\/"},"modified":"2021-02-12T18:23:34","modified_gmt":"2021-02-12T18:23:34","slug":"paquete-de-3-almohadas-zigtech","status":"publish","type":"product","link":"https:\/\/guiasde.com\/alsim\/product\/paquete-de-3-almohadas-zigtech\/","title":{"rendered":"Paquete de 3 Almohadas ZIGTECH"},"content":{"rendered":"","protected":false},"excerpt":{"rendered":"<p>Zigtech Alsim tipo las noches del Sahara en las Vegas, soporte de suave a medio.<br \/>\nRelleno 100% poli\u00e9ster especial de Down Alternativo, Medidas 50 x 66 cms., tela capitoneada tecnolog\u00eda Zigtech especial de 100% algod\u00f3n de 233 hilos con proceso Silky Touch y acabado anti pluma, Hipoalerg\u00e9nicas, Indeformables, Lavables.<\/p>\n","protected":false},"featured_media":1012,"comment_status":"open","ping_status":"closed","template":"","meta":[],"_links":{"self":[{"href":"https:\/\/guiasde.com\/alsim\/wp-json\/wp\/v2\/product\/1013"}],"collection":[{"href":"https:\/\/guiasde.com\/alsim\/wp-json\/wp\/v2\/product"}],"about":[{"href":"https:\/\/guiasde.com\/alsim\/wp-json\/wp\/v2\/types\/product"}],"replies":[{"embeddable":true,"href":"https:\/\/guiasde.com\/alsim\/wp-json\/wp\/v2\/comments?post=1013"}],"wp:featuredmedia":[{"embeddable":true,"href":"https:\/\/guiasde.com\/alsim\/wp-json\/wp\/v2\/media\/1012"}],"wp:attachment":[{"href":"https:\/\/guiasde.com\/alsim\/wp-json\/wp\/v2\/media?parent=1013"}],"curies":[{"name":"wp","href":"https:\/\/api.w.org\/{rel}","templated":true}]}}