{"id":1015,"date":"2021-02-12T18:23:43","date_gmt":"2021-02-12T18:23:43","guid":{"rendered":"http:\/\/guiasde.com\/alsim\/product\/duopack-de-almohadas-tamano-individual-45x65-soporte-medio\/"},"modified":"2021-02-12T18:23:43","modified_gmt":"2021-02-12T18:23:43","slug":"duopack-de-almohadas-tamano-individual-45x65-soporte-medio","status":"publish","type":"product","link":"https:\/\/guiasde.com\/alsim\/product\/duopack-de-almohadas-tamano-individual-45x65-soporte-medio\/","title":{"rendered":"DUOPACK de Almohadas tama\u00f1o individual 45&#215;65 soporte medio"},"content":{"rendered":"","protected":false},"excerpt":{"rendered":"<p><b>2 Almohadas de soporte medio de Down Sint\u00e9tico de Clusters Fibers,\u00a0<\/b><b>tela 50% poli\u00e9ster 50% algod\u00f3n de 200 hilos, tama\u00f1o individual 45 x 65 cms\u00a0<\/b><\/p>\n<p>&nbsp;<\/p>\n","protected":false},"featured_media":1014,"comment_status":"open","ping_status":"closed","template":"","meta":[],"_links":{"self":[{"href":"https:\/\/guiasde.com\/alsim\/wp-json\/wp\/v2\/product\/1015"}],"collection":[{"href":"https:\/\/guiasde.com\/alsim\/wp-json\/wp\/v2\/product"}],"about":[{"href":"https:\/\/guiasde.com\/alsim\/wp-json\/wp\/v2\/types\/product"}],"replies":[{"embeddable":true,"href":"https:\/\/guiasde.com\/alsim\/wp-json\/wp\/v2\/comments?post=1015"}],"wp:featuredmedia":[{"embeddable":true,"href":"https:\/\/guiasde.com\/alsim\/wp-json\/wp\/v2\/media\/1014"}],"wp:attachment":[{"href":"https:\/\/guiasde.com\/alsim\/wp-json\/wp\/v2\/media?parent=1015"}],"curies":[{"name":"wp","href":"https:\/\/api.w.org\/{rel}","templated":true}]}}