{"id":1029,"date":"2021-02-12T18:25:17","date_gmt":"2021-02-12T18:25:17","guid":{"rendered":"http:\/\/guiasde.com\/alsim\/product\/colchon-top-hotel-pocket-sistema-encapsulado-unikonfort-para-hoteles-velas-resorts-tamano-queen-size\/"},"modified":"2021-02-12T19:40:56","modified_gmt":"2021-02-12T19:40:56","slug":"colchon-top-hotel-pocket-sistema-encapsulado-unikonfort-para-hoteles-velas-resorts-tamano-queen-size","status":"publish","type":"product","link":"https:\/\/guiasde.com\/alsim\/product\/colchon-top-hotel-pocket-sistema-encapsulado-unikonfort-para-hoteles-velas-resorts-tamano-queen-size\/","title":{"rendered":"Colch\u00f3n TOP HOTEL POCKET sistema encapsulado Unikonfort para Hoteles Velas Resorts, tama\u00f1o queen size"},"content":{"rendered":"","protected":false},"excerpt":{"rendered":"<p>Colch\u00f3n queen de textura suave, altura de 34 cms., tela de tejido de punto de alto gramaje, tratamiento retardante al fuego, nano tratamiento repelente a manchas y liquidos, evitan la proliferaci\u00f3n de bacterias y hongos, elaborado con Peeler y HD Foam, poli\u00e9ster laminado y n\u00facleo de 825 resortes independientes pocket spring, sistema estable que no transmite movimiento a la pareja y brindan alto soporte a la espalda<\/p>\n","protected":false},"featured_media":1026,"comment_status":"open","ping_status":"closed","template":"","meta":[],"_links":{"self":[{"href":"https:\/\/guiasde.com\/alsim\/wp-json\/wp\/v2\/product\/1029"}],"collection":[{"href":"https:\/\/guiasde.com\/alsim\/wp-json\/wp\/v2\/product"}],"about":[{"href":"https:\/\/guiasde.com\/alsim\/wp-json\/wp\/v2\/types\/product"}],"replies":[{"embeddable":true,"href":"https:\/\/guiasde.com\/alsim\/wp-json\/wp\/v2\/comments?post=1029"}],"wp:featuredmedia":[{"embeddable":true,"href":"https:\/\/guiasde.com\/alsim\/wp-json\/wp\/v2\/media\/1026"}],"wp:attachment":[{"href":"https:\/\/guiasde.com\/alsim\/wp-json\/wp\/v2\/media?parent=1029"}],"curies":[{"name":"wp","href":"https:\/\/api.w.org\/{rel}","templated":true}]}}