{"id":1036,"date":"2021-02-12T18:28:53","date_gmt":"2021-02-12T18:28:53","guid":{"rendered":"http:\/\/guiasde.com\/alsim\/product\/colchon-boutique-one-unikonfort-para-hoteles-boutique-tamano-king-size\/"},"modified":"2021-02-12T19:40:59","modified_gmt":"2021-02-12T19:40:59","slug":"colchon-boutique-one-unikonfort-para-hoteles-boutique-tamano-king-size","status":"publish","type":"product","link":"https:\/\/guiasde.com\/alsim\/product\/colchon-boutique-one-unikonfort-para-hoteles-boutique-tamano-king-size\/","title":{"rendered":"Colch\u00f3n BOUTIQUE ONE Unikonfort para Hoteles Boutique, tama\u00f1o king size"},"content":{"rendered":"","protected":false},"excerpt":{"rendered":"<p>Colch\u00f3n king de textura suave, altura de 34 cms., tela de tejido de punto de alto gramaje, tratamiento retardante al fuego, nano tratamiento repelente a manchas y liquidos, evitan la proliferaci\u00f3n de bacterias y hongos, elaborado con Peeler, HD y Memory Foam, poli\u00e9ster laminado y n\u00facleo de 1056 resortes independientes pocket spring, sistema estable que no transmite movimiento a la pareja y brindan alto soporte a la espalda<\/p>\n","protected":false},"featured_media":1032,"comment_status":"open","ping_status":"closed","template":"","meta":[],"_links":{"self":[{"href":"https:\/\/guiasde.com\/alsim\/wp-json\/wp\/v2\/product\/1036"}],"collection":[{"href":"https:\/\/guiasde.com\/alsim\/wp-json\/wp\/v2\/product"}],"about":[{"href":"https:\/\/guiasde.com\/alsim\/wp-json\/wp\/v2\/types\/product"}],"replies":[{"embeddable":true,"href":"https:\/\/guiasde.com\/alsim\/wp-json\/wp\/v2\/comments?post=1036"}],"wp:featuredmedia":[{"embeddable":true,"href":"https:\/\/guiasde.com\/alsim\/wp-json\/wp\/v2\/media\/1032"}],"wp:attachment":[{"href":"https:\/\/guiasde.com\/alsim\/wp-json\/wp\/v2\/media?parent=1036"}],"curies":[{"name":"wp","href":"https:\/\/api.w.org\/{rel}","templated":true}]}}