{"id":1038,"date":"2021-02-12T18:29:01","date_gmt":"2021-02-12T18:29:01","guid":{"rendered":"http:\/\/guiasde.com\/alsim\/product\/memoire-dog-bone-huesito-clasico-pillow-by-alsim-38x17x15-cms\/"},"modified":"2021-02-12T19:12:44","modified_gmt":"2021-02-12T19:12:44","slug":"memoire-dog-bone-huesito-clasico-pillow-by-alsim-38x17x15-cms","status":"publish","type":"product","link":"https:\/\/guiasde.com\/alsim\/product\/memoire-dog-bone-huesito-clasico-pillow-by-alsim-38x17x15-cms\/","title":{"rendered":"M\u00e9moire Dog Bone (huesito cl\u00e1sico) Pillow by Alsim 38x17x15 cms"},"content":{"rendered":"","protected":false},"excerpt":{"rendered":"<p>M\u00e9moire by Alsim, es la \u00fanica almohada de Memoria elaborada en M\u00e9xico con fibras sint\u00e9ticas de alta tecnolog\u00eda (SMARTFILL). Proporciona un soporte adicional con la sensaci\u00f3n del Memory Foam, pero m\u00e1s flexible, muy c\u00f3moda y 100% lavable. Funda de Velour con cierre, n\u00facleo lavable sin necesidad de retirar el relleno, lavado en m\u00e1quina.<\/p>\n<p>&nbsp;<\/p>\n","protected":false},"featured_media":1037,"comment_status":"open","ping_status":"closed","template":"","meta":[],"_links":{"self":[{"href":"https:\/\/guiasde.com\/alsim\/wp-json\/wp\/v2\/product\/1038"}],"collection":[{"href":"https:\/\/guiasde.com\/alsim\/wp-json\/wp\/v2\/product"}],"about":[{"href":"https:\/\/guiasde.com\/alsim\/wp-json\/wp\/v2\/types\/product"}],"replies":[{"embeddable":true,"href":"https:\/\/guiasde.com\/alsim\/wp-json\/wp\/v2\/comments?post=1038"}],"wp:featuredmedia":[{"embeddable":true,"href":"https:\/\/guiasde.com\/alsim\/wp-json\/wp\/v2\/media\/1037"}],"wp:attachment":[{"href":"https:\/\/guiasde.com\/alsim\/wp-json\/wp\/v2\/media?parent=1038"}],"curies":[{"name":"wp","href":"https:\/\/api.w.org\/{rel}","templated":true}]}}