{"id":1053,"date":"2021-02-12T18:30:41","date_gmt":"2021-02-12T18:30:41","guid":{"rendered":"http:\/\/guiasde.com\/alsim\/product\/topper-de-importacion-para-hoteles-diamante-para-colchon-matrimonial-140-x-200-cms\/"},"modified":"2021-02-12T18:53:01","modified_gmt":"2021-02-12T18:53:01","slug":"topper-de-importacion-para-hoteles-diamante-para-colchon-matrimonial-140-x-200-cms","status":"publish","type":"product","link":"https:\/\/guiasde.com\/alsim\/product\/topper-de-importacion-para-hoteles-diamante-para-colchon-matrimonial-140-x-200-cms\/","title":{"rendered":"TOPPER de Importaci\u00f3n para hoteles Diamante para Colch\u00f3n MATRIMONIAL 140 x 200 cms."},"content":{"rendered":"","protected":false},"excerpt":{"rendered":"<p>Duerma como en una nube con el topper para colch\u00f3n, como en los mejores hoteles del mundo.\u00a0 Importado directamente por Alsim para nuestros clientes hoteleros sin intermediarios con Certificaci\u00f3n OEKO-TEX Standard 100 clase 1 que garantiza la calidad de la fibra sint\u00e9tica de relleno y la tela 100% de algodon de 233 hilos incluso para bebes menores a 3 a\u00f1os sin causarles irritaci\u00f3n a la piel siendo hipoalergenicos y 100% lavables.<\/p>\n<p>25% de descuento y una edici\u00f3n limitada en estos momentos.<\/p>\n<p>Compruebe que durmiendo con las Almohadas Alsim y con\u00a0 los toppers que importamos van a descansar como en las nubes !!!<\/p>\n<p>&nbsp;<\/p>\n","protected":false},"featured_media":766,"comment_status":"open","ping_status":"closed","template":"","meta":[],"_links":{"self":[{"href":"https:\/\/guiasde.com\/alsim\/wp-json\/wp\/v2\/product\/1053"}],"collection":[{"href":"https:\/\/guiasde.com\/alsim\/wp-json\/wp\/v2\/product"}],"about":[{"href":"https:\/\/guiasde.com\/alsim\/wp-json\/wp\/v2\/types\/product"}],"replies":[{"embeddable":true,"href":"https:\/\/guiasde.com\/alsim\/wp-json\/wp\/v2\/comments?post=1053"}],"wp:featuredmedia":[{"embeddable":true,"href":"https:\/\/guiasde.com\/alsim\/wp-json\/wp\/v2\/media\/766"}],"wp:attachment":[{"href":"https:\/\/guiasde.com\/alsim\/wp-json\/wp\/v2\/media?parent=1053"}],"curies":[{"name":"wp","href":"https:\/\/api.w.org\/{rel}","templated":true}]}}