{"id":1067,"date":"2021-02-12T18:32:10","date_gmt":"2021-02-12T18:32:10","guid":{"rendered":"http:\/\/guiasde.com\/alsim\/product\/protector-de-colchon-100-algodon-reversible-de-alta-frescura-cooling-bed-tamano-king-size\/"},"modified":"2021-02-12T18:53:12","modified_gmt":"2021-02-12T18:53:12","slug":"protector-de-colchon-100-algodon-reversible-de-alta-frescura-cooling-bed-tamano-king-size","status":"publish","type":"product","link":"https:\/\/guiasde.com\/alsim\/product\/protector-de-colchon-100-algodon-reversible-de-alta-frescura-cooling-bed-tamano-king-size\/","title":{"rendered":"Protector de Colch\u00f3n 100% algod\u00f3n REVERSIBLE de Alta Frescura (Cooling Bed), tama\u00f1o KING SIZE"},"content":{"rendered":"","protected":false},"excerpt":{"rendered":"<p>Protector de colch\u00f3n 100% de algod\u00f3n tela Silky Touch en Zig Zag de alta frescura y doble cara de algod\u00f3n por ambos lados, tela capitonada acolchada, de resortes, tama\u00f1o king size, medida 200 cms ancho x 200 cms largo.<\/p>\n<p>El protector de colch\u00f3n hotelero capitonado de la m\u00e1s alta calidad elaborado en M\u00e9xico.<\/p>\n","protected":false},"featured_media":1059,"comment_status":"open","ping_status":"closed","template":"","meta":[],"_links":{"self":[{"href":"https:\/\/guiasde.com\/alsim\/wp-json\/wp\/v2\/product\/1067"}],"collection":[{"href":"https:\/\/guiasde.com\/alsim\/wp-json\/wp\/v2\/product"}],"about":[{"href":"https:\/\/guiasde.com\/alsim\/wp-json\/wp\/v2\/types\/product"}],"replies":[{"embeddable":true,"href":"https:\/\/guiasde.com\/alsim\/wp-json\/wp\/v2\/comments?post=1067"}],"wp:featuredmedia":[{"embeddable":true,"href":"https:\/\/guiasde.com\/alsim\/wp-json\/wp\/v2\/media\/1059"}],"wp:attachment":[{"href":"https:\/\/guiasde.com\/alsim\/wp-json\/wp\/v2\/media?parent=1067"}],"curies":[{"name":"wp","href":"https:\/\/api.w.org\/{rel}","templated":true}]}}