{"id":1073,"date":"2021-02-12T18:32:42","date_gmt":"2021-02-12T18:32:42","guid":{"rendered":"http:\/\/guiasde.com\/alsim\/product\/euro-cuadrante-para-cama-de-down-alterntativo-tela-blanca-silky-touch-antipluma-100-algodon-tamano-70-x-70-cms\/"},"modified":"2021-02-12T19:12:45","modified_gmt":"2021-02-12T19:12:45","slug":"euro-cuadrante-para-cama-de-down-alterntativo-tela-blanca-silky-touch-antipluma-100-algodon-tamano-70-x-70-cms","status":"publish","type":"product","link":"https:\/\/guiasde.com\/alsim\/product\/euro-cuadrante-para-cama-de-down-alterntativo-tela-blanca-silky-touch-antipluma-100-algodon-tamano-70-x-70-cms\/","title":{"rendered":"Euro Cuadrante para Cama de Down Alterntativo, tela blanca silky touch antipluma 100% algod\u00f3n tama\u00f1o 70 x 70 cms"},"content":{"rendered":"","protected":false},"excerpt":{"rendered":"<p>Eurosquare o Cuadrante\u00a0 con relleno de fibra sint\u00e9tica (down alternativo), descanse sobre \u00e9l en su cama igual que en una c\u00f3moda y muy fresca almohada hotelera ALSIM. Medidas 70 x 70 cms. Tela blanca 100% algod\u00f3n silky touch antipluma, imitaci\u00f3n pluma y down.<\/p>\n","protected":false},"featured_media":1072,"comment_status":"open","ping_status":"closed","template":"","meta":[],"_links":{"self":[{"href":"https:\/\/guiasde.com\/alsim\/wp-json\/wp\/v2\/product\/1073"}],"collection":[{"href":"https:\/\/guiasde.com\/alsim\/wp-json\/wp\/v2\/product"}],"about":[{"href":"https:\/\/guiasde.com\/alsim\/wp-json\/wp\/v2\/types\/product"}],"replies":[{"embeddable":true,"href":"https:\/\/guiasde.com\/alsim\/wp-json\/wp\/v2\/comments?post=1073"}],"wp:featuredmedia":[{"embeddable":true,"href":"https:\/\/guiasde.com\/alsim\/wp-json\/wp\/v2\/media\/1072"}],"wp:attachment":[{"href":"https:\/\/guiasde.com\/alsim\/wp-json\/wp\/v2\/media?parent=1073"}],"curies":[{"name":"wp","href":"https:\/\/api.w.org\/{rel}","templated":true}]}}