{"id":1079,"date":"2021-02-12T18:33:13","date_gmt":"2021-02-12T18:33:13","guid":{"rendered":"http:\/\/guiasde.com\/alsim\/product\/euro-cuadrante-para-cama-de-pluma-y-down-natural-95-5-tela-blanca-silky-touch-antipluma-100-algodon-tamano-60-x-60-cms\/"},"modified":"2021-02-12T19:12:45","modified_gmt":"2021-02-12T19:12:45","slug":"euro-cuadrante-para-cama-de-pluma-y-down-natural-95-5-tela-blanca-silky-touch-antipluma-100-algodon-tamano-60-x-60-cms","status":"publish","type":"product","link":"https:\/\/guiasde.com\/alsim\/product\/euro-cuadrante-para-cama-de-pluma-y-down-natural-95-5-tela-blanca-silky-touch-antipluma-100-algodon-tamano-60-x-60-cms\/","title":{"rendered":"Euro Cuadrante para Cama de Pluma y Down Natural 95\/5, tela blanca silky touch antipluma 100% algod\u00f3n tama\u00f1o 60 x 60 cms"},"content":{"rendered":"","protected":false},"excerpt":{"rendered":"<p>Eurosquare o Cuadrante\u00a0 con relleno de Pluma y Down Natural 95\/5, descanse sobre \u00e9l en su cama igual que en una c\u00f3moda y muy fresca almohada hotelera ALSIM. Medidas 60 x 60 cms. Tela blanca 100% algod\u00f3n silky touch antipluma.<\/p>\n","protected":false},"featured_media":1078,"comment_status":"open","ping_status":"closed","template":"","meta":[],"_links":{"self":[{"href":"https:\/\/guiasde.com\/alsim\/wp-json\/wp\/v2\/product\/1079"}],"collection":[{"href":"https:\/\/guiasde.com\/alsim\/wp-json\/wp\/v2\/product"}],"about":[{"href":"https:\/\/guiasde.com\/alsim\/wp-json\/wp\/v2\/types\/product"}],"replies":[{"embeddable":true,"href":"https:\/\/guiasde.com\/alsim\/wp-json\/wp\/v2\/comments?post=1079"}],"wp:featuredmedia":[{"embeddable":true,"href":"https:\/\/guiasde.com\/alsim\/wp-json\/wp\/v2\/media\/1078"}],"wp:attachment":[{"href":"https:\/\/guiasde.com\/alsim\/wp-json\/wp\/v2\/media?parent=1079"}],"curies":[{"name":"wp","href":"https:\/\/api.w.org\/{rel}","templated":true}]}}