{"id":1091,"date":"2021-02-12T18:34:23","date_gmt":"2021-02-12T18:34:23","guid":{"rendered":"http:\/\/guiasde.com\/alsim\/product\/nucleo-para-cojin-decorativo-relleno-de-down-sintetico-tela-non-woven-tamano-60-x-60-cms\/"},"modified":"2021-02-12T19:12:51","modified_gmt":"2021-02-12T19:12:51","slug":"nucleo-para-cojin-decorativo-relleno-de-down-sintetico-tela-non-woven-tamano-60-x-60-cms","status":"publish","type":"product","link":"https:\/\/guiasde.com\/alsim\/product\/nucleo-para-cojin-decorativo-relleno-de-down-sintetico-tela-non-woven-tamano-60-x-60-cms\/","title":{"rendered":"N\u00facleo para coj\u00edn decorativo relleno de Down Sint\u00e9tico, Tela Non Woven tama\u00f1o 60 x 60 cms"},"content":{"rendered":"","protected":false},"excerpt":{"rendered":"<p>N\u00facleo con relleno de fibra sint\u00e9tica de alta tecnolog\u00eda, para insertar en su coj\u00edn decorativo. Medidas 60 x 60 cms. Tela Non Woven de poli\u00e9ster.<\/p>\n","protected":false},"featured_media":1090,"comment_status":"open","ping_status":"closed","template":"","meta":[],"_links":{"self":[{"href":"https:\/\/guiasde.com\/alsim\/wp-json\/wp\/v2\/product\/1091"}],"collection":[{"href":"https:\/\/guiasde.com\/alsim\/wp-json\/wp\/v2\/product"}],"about":[{"href":"https:\/\/guiasde.com\/alsim\/wp-json\/wp\/v2\/types\/product"}],"replies":[{"embeddable":true,"href":"https:\/\/guiasde.com\/alsim\/wp-json\/wp\/v2\/comments?post=1091"}],"wp:featuredmedia":[{"embeddable":true,"href":"https:\/\/guiasde.com\/alsim\/wp-json\/wp\/v2\/media\/1090"}],"wp:attachment":[{"href":"https:\/\/guiasde.com\/alsim\/wp-json\/wp\/v2\/media?parent=1091"}],"curies":[{"name":"wp","href":"https:\/\/api.w.org\/{rel}","templated":true}]}}