{"id":1127,"date":"2021-02-12T18:38:28","date_gmt":"2021-02-12T18:38:28","guid":{"rendered":"http:\/\/guiasde.com\/alsim\/product\/duvet-luxury-smooth-white-100-algodon-silky-touch-juego-inserto-y-funda-duvet-medida-2-70-x-2-30-mts\/"},"modified":"2021-02-12T18:53:20","modified_gmt":"2021-02-12T18:53:20","slug":"duvet-luxury-smooth-white-100-algodon-silky-touch-juego-inserto-y-funda-duvet-medida-2-70-x-2-30-mts","status":"publish","type":"product","link":"https:\/\/guiasde.com\/alsim\/product\/duvet-luxury-smooth-white-100-algodon-silky-touch-juego-inserto-y-funda-duvet-medida-2-70-x-2-30-mts\/","title":{"rendered":"DUVET LUXURY SMOOTH WHITE 100% ALGODON SILKY TOUCH,  Juego Inserto y Funda Duvet, medida 2.70 x 2.30 mts."},"content":{"rendered":"","protected":false},"excerpt":{"rendered":"<p>Los DUVETS ALSIM est\u00e1n elaborados con la m\u00e1s alta calidad en telas del mercado internacional, el juego completo consta de el inserto de duvet de down alternativo (fibra sint\u00e9tica) y la funda duvet de tela 100% de algod\u00f3n peinado Silkty Touch con los dise\u00f1os m\u00e1s elegantes del mundo.<\/p>\n<p>Importados directamente por Alsim sin intermediarios con Certificaci\u00f3n OEKO-TEX Standard 100 clase 1 que garantiza la calidad del relleno sint\u00e9tico y la tela 100% de algod\u00f3n silkty touch, hipoalerg\u00e9nicos y 100% lavables.<\/p>\n<p>&nbsp;<\/p>\n","protected":false},"featured_media":1126,"comment_status":"open","ping_status":"closed","template":"","meta":[],"_links":{"self":[{"href":"https:\/\/guiasde.com\/alsim\/wp-json\/wp\/v2\/product\/1127"}],"collection":[{"href":"https:\/\/guiasde.com\/alsim\/wp-json\/wp\/v2\/product"}],"about":[{"href":"https:\/\/guiasde.com\/alsim\/wp-json\/wp\/v2\/types\/product"}],"replies":[{"embeddable":true,"href":"https:\/\/guiasde.com\/alsim\/wp-json\/wp\/v2\/comments?post=1127"}],"wp:featuredmedia":[{"embeddable":true,"href":"https:\/\/guiasde.com\/alsim\/wp-json\/wp\/v2\/media\/1126"}],"wp:attachment":[{"href":"https:\/\/guiasde.com\/alsim\/wp-json\/wp\/v2\/media?parent=1127"}],"curies":[{"name":"wp","href":"https:\/\/api.w.org\/{rel}","templated":true}]}}