{"id":1152,"date":"2021-02-12T18:41:22","date_gmt":"2021-02-12T18:41:22","guid":{"rendered":"http:\/\/guiasde.com\/alsim\/product\/comforter-inserto-de-duvet-relleno-de-fibra-sintetica-de-importacion-para-colchon-200-x-220-cms\/"},"modified":"2021-02-12T18:53:28","modified_gmt":"2021-02-12T18:53:28","slug":"comforter-inserto-de-duvet-relleno-de-fibra-sintetica-de-importacion-para-colchon-200-x-220-cms","status":"publish","type":"product","link":"https:\/\/guiasde.com\/alsim\/product\/comforter-inserto-de-duvet-relleno-de-fibra-sintetica-de-importacion-para-colchon-200-x-220-cms\/","title":{"rendered":"Comforter Inserto de Duvet relleno de Fibra Sint\u00e9tica de Importaci\u00f3n para Colch\u00f3n 200 x 220 cms."},"content":{"rendered":"","protected":false},"excerpt":{"rendered":"<p>Los insertos de Duvet de Fibra Sint\u00e9tica de mayor calidad a nivel internacional que solo manejan hoteles de muy alta categor\u00eda para toda \u00e9poca del a\u00f1o, solo c\u00fabralos con una funda de Duvet con tela 100% de algod\u00f3n de Strips como tambi\u00e9n los ofrecemos en esta secci\u00f3n.<\/p>\n<p>Importados directamente por Alsim sin intermediarios con Certificaci\u00f3n OEKO-TEX Standard 100 clase 1 que garantiza la calidad del relleno sint\u00e9tico y la tela 100% de algod\u00f3n de 233 hilos incluso para bebes menores de 3 a\u00f1os sin causarles irritaciones a la piel siendo hipoalerg\u00e9nicos y 100% lavables.<\/p>\n<p>Compruebe que durmiendo con las Almohadas Alsim y utilizando los Duvets que importamos van a tener un excelente descanso !!!<\/p>\n","protected":false},"featured_media":684,"comment_status":"open","ping_status":"closed","template":"","meta":[],"_links":{"self":[{"href":"https:\/\/guiasde.com\/alsim\/wp-json\/wp\/v2\/product\/1152"}],"collection":[{"href":"https:\/\/guiasde.com\/alsim\/wp-json\/wp\/v2\/product"}],"about":[{"href":"https:\/\/guiasde.com\/alsim\/wp-json\/wp\/v2\/types\/product"}],"replies":[{"embeddable":true,"href":"https:\/\/guiasde.com\/alsim\/wp-json\/wp\/v2\/comments?post=1152"}],"wp:featuredmedia":[{"embeddable":true,"href":"https:\/\/guiasde.com\/alsim\/wp-json\/wp\/v2\/media\/684"}],"wp:attachment":[{"href":"https:\/\/guiasde.com\/alsim\/wp-json\/wp\/v2\/media?parent=1152"}],"curies":[{"name":"wp","href":"https:\/\/api.w.org\/{rel}","templated":true}]}}