{"id":1154,"date":"2021-02-12T18:41:34","date_gmt":"2021-02-12T18:41:34","guid":{"rendered":"http:\/\/guiasde.com\/alsim\/product\/colchon-nube-pocket-encapsulado-clasico-unikonfort-para-hoteles-holiday-inn-tamano-individual\/"},"modified":"2021-02-12T19:41:00","modified_gmt":"2021-02-12T19:41:00","slug":"colchon-nube-pocket-encapsulado-clasico-unikonfort-para-hoteles-holiday-inn-tamano-individual","status":"publish","type":"product","link":"https:\/\/guiasde.com\/alsim\/product\/colchon-nube-pocket-encapsulado-clasico-unikonfort-para-hoteles-holiday-inn-tamano-individual\/","title":{"rendered":"Colch\u00f3n NUBE POCKET ENCAPSULADO CLASICO Unikonfort para Hoteles Holiday Inn, tama\u00f1o individual"},"content":{"rendered":"","protected":false},"excerpt":{"rendered":"<p>Colch\u00f3n Individual de textura suave, altura de 33 cms., tela de tejido de punto de alto gramaje, tratamiento retardante al fuego, nano tratamiento repelente a manchas y liquidos, evitan la proliferaci\u00f3n de bacterias y hongos, elaborado con Peeler y HD Foam, poli\u00e9ster laminado y n\u00facleo de 528 resortes independientes pocket spring, sistema estable que no transmite movimiento a la pareja y brindan alto soporte a la espalda<\/p>\n","protected":false},"featured_media":1153,"comment_status":"open","ping_status":"closed","template":"","meta":[],"_links":{"self":[{"href":"https:\/\/guiasde.com\/alsim\/wp-json\/wp\/v2\/product\/1154"}],"collection":[{"href":"https:\/\/guiasde.com\/alsim\/wp-json\/wp\/v2\/product"}],"about":[{"href":"https:\/\/guiasde.com\/alsim\/wp-json\/wp\/v2\/types\/product"}],"replies":[{"embeddable":true,"href":"https:\/\/guiasde.com\/alsim\/wp-json\/wp\/v2\/comments?post=1154"}],"wp:featuredmedia":[{"embeddable":true,"href":"https:\/\/guiasde.com\/alsim\/wp-json\/wp\/v2\/media\/1153"}],"wp:attachment":[{"href":"https:\/\/guiasde.com\/alsim\/wp-json\/wp\/v2\/media?parent=1154"}],"curies":[{"name":"wp","href":"https:\/\/api.w.org\/{rel}","templated":true}]}}