{"id":1172,"date":"2021-02-12T18:43:29","date_gmt":"2021-02-12T18:43:29","guid":{"rendered":"http:\/\/guiasde.com\/alsim\/product\/firm-de-avid-ihg-2020-fuelle-eliptico-relleno-down-alternativo-king-size\/"},"modified":"2021-02-12T18:43:29","modified_gmt":"2021-02-12T18:43:29","slug":"firm-de-avid-ihg-2020-fuelle-eliptico-relleno-down-alternativo-king-size","status":"publish","type":"product","link":"https:\/\/guiasde.com\/alsim\/product\/firm-de-avid-ihg-2020-fuelle-eliptico-relleno-down-alternativo-king-size\/","title":{"rendered":"FIRM de Avid IHG 2020 Fuelle El\u00edptico relleno Down Alternativo King Size"},"content":{"rendered":"","protected":false},"excerpt":{"rendered":"<p>Almohada COLECCION 2018 dise\u00f1ada especialmente con est\u00e1ndares autorizados por el Grupo IHG para hoteles Holiday Inn, Holiday Inn Express, Staybridge y Candlewood. Relleno Down Alternativo de 100% fibra poli\u00e9ster, soporte firme, medidas 50 x 76 cms. Tela Especial de 100% algod\u00f3n con doble costura y bies color blanco alrededor de la almohada, Hipoalerg\u00e9nicas, Indeformables, Lavables.<\/p>\n","protected":false},"featured_media":1171,"comment_status":"open","ping_status":"closed","template":"","meta":[],"_links":{"self":[{"href":"https:\/\/guiasde.com\/alsim\/wp-json\/wp\/v2\/product\/1172"}],"collection":[{"href":"https:\/\/guiasde.com\/alsim\/wp-json\/wp\/v2\/product"}],"about":[{"href":"https:\/\/guiasde.com\/alsim\/wp-json\/wp\/v2\/types\/product"}],"replies":[{"embeddable":true,"href":"https:\/\/guiasde.com\/alsim\/wp-json\/wp\/v2\/comments?post=1172"}],"wp:featuredmedia":[{"embeddable":true,"href":"https:\/\/guiasde.com\/alsim\/wp-json\/wp\/v2\/media\/1171"}],"wp:attachment":[{"href":"https:\/\/guiasde.com\/alsim\/wp-json\/wp\/v2\/media?parent=1172"}],"curies":[{"name":"wp","href":"https:\/\/api.w.org\/{rel}","templated":true}]}}