{"id":461,"date":"2021-02-12T16:56:34","date_gmt":"2021-02-12T16:56:34","guid":{"rendered":"http:\/\/guiasde.com\/alsim\/product\/import-placeholder-for-als001-1\/"},"modified":"2021-02-13T01:39:03","modified_gmt":"2021-02-13T01:39:03","slug":"regia-estandar","status":"publish","type":"product","link":"https:\/\/guiasde.com\/alsim\/product\/regia-estandar\/","title":{"rendered":"Regia Est\u00e1ndar"},"content":{"rendered":"","protected":false},"excerpt":{"rendered":"<p>Almohada suave , Tela Blanca 50% poli\u00e9ster 50% algod\u00f3n de 200 hilos Relleno Down Alternativo de 100% poli\u00e9ster Hipoalerg\u00e9nica Indeformable Lavable.<\/p>\n","protected":false},"featured_media":466,"comment_status":"open","ping_status":"closed","template":"","meta":[],"_links":{"self":[{"href":"https:\/\/guiasde.com\/alsim\/wp-json\/wp\/v2\/product\/461"}],"collection":[{"href":"https:\/\/guiasde.com\/alsim\/wp-json\/wp\/v2\/product"}],"about":[{"href":"https:\/\/guiasde.com\/alsim\/wp-json\/wp\/v2\/types\/product"}],"replies":[{"embeddable":true,"href":"https:\/\/guiasde.com\/alsim\/wp-json\/wp\/v2\/comments?post=461"}],"wp:featuredmedia":[{"embeddable":true,"href":"https:\/\/guiasde.com\/alsim\/wp-json\/wp\/v2\/media\/466"}],"wp:attachment":[{"href":"https:\/\/guiasde.com\/alsim\/wp-json\/wp\/v2\/media?parent=461"}],"curies":[{"name":"wp","href":"https:\/\/api.w.org\/{rel}","templated":true}]}}