{"id":498,"date":"2021-02-12T17:07:01","date_gmt":"2021-02-12T17:07:01","guid":{"rendered":"http:\/\/guiasde.com\/alsim\/product\/import-placeholder-for-als067-1\/"},"modified":"2021-02-13T01:39:11","modified_gmt":"2021-02-13T01:39:11","slug":"100-down-natural-pillow-irmim","status":"publish","type":"product","link":"https:\/\/guiasde.com\/alsim\/product\/100-down-natural-pillow-irmim\/","title":{"rendered":"100% Down Natural Pillow IRMIM"},"content":{"rendered":"","protected":false},"excerpt":{"rendered":"<p>Almohada 100% de DOWN NATURAL CLASE INTERNACIONAL de est\u00e1ndar Europeo EN-12934 Clase I, tela especial anti pluma 100% de algod\u00f3n de 233 hilos, proceso silky touch, soporte extra suave de excelente comodidad. El est\u00e1ndar europeo se refiere a la pluma de pecho mas limpia, mas tierna y m\u00e1s fina de alto Fill Power. Estas almohadas son Hipoalergenicas debido a la calidad del DOWN natural clase I y Certificaci\u00f3n Textil Oeko-Tex Standard 100 clase 1.<\/p>\n","protected":false},"featured_media":530,"comment_status":"open","ping_status":"closed","template":"","meta":[],"_links":{"self":[{"href":"https:\/\/guiasde.com\/alsim\/wp-json\/wp\/v2\/product\/498"}],"collection":[{"href":"https:\/\/guiasde.com\/alsim\/wp-json\/wp\/v2\/product"}],"about":[{"href":"https:\/\/guiasde.com\/alsim\/wp-json\/wp\/v2\/types\/product"}],"replies":[{"embeddable":true,"href":"https:\/\/guiasde.com\/alsim\/wp-json\/wp\/v2\/comments?post=498"}],"wp:featuredmedia":[{"embeddable":true,"href":"https:\/\/guiasde.com\/alsim\/wp-json\/wp\/v2\/media\/530"}],"wp:attachment":[{"href":"https:\/\/guiasde.com\/alsim\/wp-json\/wp\/v2\/media?parent=498"}],"curies":[{"name":"wp","href":"https:\/\/api.w.org\/{rel}","templated":true}]}}