{"id":506,"date":"2021-02-12T17:07:49","date_gmt":"2021-02-12T17:07:49","guid":{"rendered":"http:\/\/guiasde.com\/alsim\/product\/import-placeholder-for-als058-1\/"},"modified":"2021-02-13T01:51:36","modified_gmt":"2021-02-13T01:51:36","slug":"95-feather-5-down-natural-pillow","status":"publish","type":"product","link":"https:\/\/guiasde.com\/alsim\/product\/95-feather-5-down-natural-pillow\/","title":{"rendered":"95 % Feather 5% Down, Natural Pillow"},"content":{"rendered":"","protected":false},"excerpt":{"rendered":"<p>Almohada de PLUMA Y DOWN\u00a0 95\/5 CLASE INTERNACIONAL de est\u00e1ndar Europeo EN-12934 Clase I, tela especial anti pluma 100% de algod\u00f3n de 233 hilos, proceso silky touch, soporte medio de excelente comodidad. El est\u00e1ndar europeo se refiere a la pluma mas limpia, mas tierna, mas corta de 2 a 4 cms. de largo, exclusivamente 95% PLUMA nueva con un 5% de DOWN de pecho. Estas almohadas son Hipoalergenicas debido a la calidad de la pluma natural clase I y Certificaci\u00f3n Textil Oeko-Tex Standard 100 clase 1<\/p>\n","protected":false},"featured_media":539,"comment_status":"open","ping_status":"closed","template":"","meta":[],"_links":{"self":[{"href":"https:\/\/guiasde.com\/alsim\/wp-json\/wp\/v2\/product\/506"}],"collection":[{"href":"https:\/\/guiasde.com\/alsim\/wp-json\/wp\/v2\/product"}],"about":[{"href":"https:\/\/guiasde.com\/alsim\/wp-json\/wp\/v2\/types\/product"}],"replies":[{"embeddable":true,"href":"https:\/\/guiasde.com\/alsim\/wp-json\/wp\/v2\/comments?post=506"}],"wp:featuredmedia":[{"embeddable":true,"href":"https:\/\/guiasde.com\/alsim\/wp-json\/wp\/v2\/media\/539"}],"wp:attachment":[{"href":"https:\/\/guiasde.com\/alsim\/wp-json\/wp\/v2\/media?parent=506"}],"curies":[{"name":"wp","href":"https:\/\/api.w.org\/{rel}","templated":true}]}}