{"id":512,"date":"2021-02-12T17:08:20","date_gmt":"2021-02-12T17:08:20","guid":{"rendered":"http:\/\/guiasde.com\/alsim\/product\/import-placeholder-for-als064-1\/"},"modified":"2021-02-13T01:51:36","modified_gmt":"2021-02-13T01:51:36","slug":"85-feather-15-down-double-chamber-natural-pillow","status":"publish","type":"product","link":"https:\/\/guiasde.com\/alsim\/product\/85-feather-15-down-double-chamber-natural-pillow\/","title":{"rendered":"85% Feather 15% Down, Double Chamber, Natural Pillow"},"content":{"rendered":"","protected":false},"excerpt":{"rendered":"<p>Almohada TACTO DE DOWN de DOBLE CAMARA de PLUMA Y DOWN\u00a0 85\/15 CLASE INTERNACIONAL. C\u00e1mara interior 85% PLUMA, C\u00e1mara exterior 15% DOWN,\u00a0 de est\u00e1ndar Europeo EN-12934 Clase I, tela especial anti pluma 100% de algod\u00f3n de 233 hilos, proceso silky touch, soporte de suave a est\u00e1ndar de excelente comodidad. El est\u00e1ndar europeo se refiere a la pluma mas limpia, mas tierna, mas corta de 2 a 4 cms. de largo. Estas almohadas son Hipoalergenicas debido a la calidad de la pluma natural clase I y Certificaci\u00f3n Textil Oeko-Tex Standard 100 clase 1<\/p>\n","protected":false},"featured_media":548,"comment_status":"open","ping_status":"closed","template":"","meta":[],"_links":{"self":[{"href":"https:\/\/guiasde.com\/alsim\/wp-json\/wp\/v2\/product\/512"}],"collection":[{"href":"https:\/\/guiasde.com\/alsim\/wp-json\/wp\/v2\/product"}],"about":[{"href":"https:\/\/guiasde.com\/alsim\/wp-json\/wp\/v2\/types\/product"}],"replies":[{"embeddable":true,"href":"https:\/\/guiasde.com\/alsim\/wp-json\/wp\/v2\/comments?post=512"}],"wp:featuredmedia":[{"embeddable":true,"href":"https:\/\/guiasde.com\/alsim\/wp-json\/wp\/v2\/media\/548"}],"wp:attachment":[{"href":"https:\/\/guiasde.com\/alsim\/wp-json\/wp\/v2\/media?parent=512"}],"curies":[{"name":"wp","href":"https:\/\/api.w.org\/{rel}","templated":true}]}}