{"id":529,"date":"2021-02-12T17:09:17","date_gmt":"2021-02-12T17:09:17","guid":{"rendered":"http:\/\/guiasde.com\/alsim\/product\/body-pillow-con-funda\/"},"modified":"2021-02-12T19:12:06","modified_gmt":"2021-02-12T19:12:06","slug":"body-pillow-con-funda","status":"publish","type":"product","link":"https:\/\/guiasde.com\/alsim\/product\/body-pillow-con-funda\/","title":{"rendered":"Body Pillow con funda"},"content":{"rendered":"","protected":false},"excerpt":{"rendered":"<p>Almohada de Cuerpo Entero. Tela blanca 100% algod\u00f3n silky touch.  Relleno Microgel de down alternativo, INCLUYE FUNDA de tela blanca 100% algod\u00f3n silky touch. Hipoalerg\u00e9nica Indeformable Lavable<\/p>\n","protected":false},"featured_media":528,"comment_status":"open","ping_status":"closed","template":"","meta":[],"_links":{"self":[{"href":"https:\/\/guiasde.com\/alsim\/wp-json\/wp\/v2\/product\/529"}],"collection":[{"href":"https:\/\/guiasde.com\/alsim\/wp-json\/wp\/v2\/product"}],"about":[{"href":"https:\/\/guiasde.com\/alsim\/wp-json\/wp\/v2\/types\/product"}],"replies":[{"embeddable":true,"href":"https:\/\/guiasde.com\/alsim\/wp-json\/wp\/v2\/comments?post=529"}],"wp:featuredmedia":[{"embeddable":true,"href":"https:\/\/guiasde.com\/alsim\/wp-json\/wp\/v2\/media\/528"}],"wp:attachment":[{"href":"https:\/\/guiasde.com\/alsim\/wp-json\/wp\/v2\/media?parent=529"}],"curies":[{"name":"wp","href":"https:\/\/api.w.org\/{rel}","templated":true}]}}