{"id":537,"date":"2021-02-12T17:10:20","date_gmt":"2021-02-12T17:10:20","guid":{"rendered":"http:\/\/guiasde.com\/alsim\/product\/import-placeholder-for-als209-1\/"},"modified":"2021-02-13T01:39:21","modified_gmt":"2021-02-13T01:39:21","slug":"firm-de-holiday-inn-coleccion-2016-relleno-down-alternativo-50-x-70","status":"publish","type":"product","link":"https:\/\/guiasde.com\/alsim\/product\/firm-de-holiday-inn-coleccion-2016-relleno-down-alternativo-50-x-70\/","title":{"rendered":"FIRM de Holiday Inn \u00abCOLECCION 2016\u00bb relleno Down Alternativo 50 x 70"},"content":{"rendered":"","protected":false},"excerpt":{"rendered":"<p>Almohada COLECCION 2016 dise\u00f1ada especialmente con est\u00e1ndares autorizados por el Grupo IHG para hoteles Holiday Inn y Holiday Inn Express. Relleno Down Alternativo de 100% fibra poli\u00e9ster, soporte firme. Tela Especial de 100% algod\u00f3n con doble costura y bies color blanco alrededor de la almohada, Hipoalerg\u00e9nicas, Indeformables, Lavables.<\/p>\n","protected":false},"featured_media":567,"comment_status":"open","ping_status":"closed","template":"","meta":[],"_links":{"self":[{"href":"https:\/\/guiasde.com\/alsim\/wp-json\/wp\/v2\/product\/537"}],"collection":[{"href":"https:\/\/guiasde.com\/alsim\/wp-json\/wp\/v2\/product"}],"about":[{"href":"https:\/\/guiasde.com\/alsim\/wp-json\/wp\/v2\/types\/product"}],"replies":[{"embeddable":true,"href":"https:\/\/guiasde.com\/alsim\/wp-json\/wp\/v2\/comments?post=537"}],"wp:featuredmedia":[{"embeddable":true,"href":"https:\/\/guiasde.com\/alsim\/wp-json\/wp\/v2\/media\/567"}],"wp:attachment":[{"href":"https:\/\/guiasde.com\/alsim\/wp-json\/wp\/v2\/media?parent=537"}],"curies":[{"name":"wp","href":"https:\/\/api.w.org\/{rel}","templated":true}]}}