{"id":546,"date":"2021-02-12T17:11:25","date_gmt":"2021-02-12T17:11:25","guid":{"rendered":"http:\/\/guiasde.com\/alsim\/product\/import-placeholder-for-als213-1\/"},"modified":"2021-02-13T01:39:22","modified_gmt":"2021-02-13T01:39:22","slug":"barcelo-firme","status":"publish","type":"product","link":"https:\/\/guiasde.com\/alsim\/product\/barcelo-firme\/","title":{"rendered":"Barcel\u00f3 Firme"},"content":{"rendered":"","protected":false},"excerpt":{"rendered":"<p>Almohada dise\u00f1ada especialmente para los hoteles Barcel\u00f3 y Occidental. Soporte firme-suave especial. Dise\u00f1o especial con doble proteccion contra la humedad. Telas especiales 50% algod\u00f3n y 50% poliester de 200 hilos, Hipoalerg\u00e9nicas, Indeformables, Lavables.<\/p>\n","protected":false},"featured_media":572,"comment_status":"open","ping_status":"closed","template":"","meta":[],"_links":{"self":[{"href":"https:\/\/guiasde.com\/alsim\/wp-json\/wp\/v2\/product\/546"}],"collection":[{"href":"https:\/\/guiasde.com\/alsim\/wp-json\/wp\/v2\/product"}],"about":[{"href":"https:\/\/guiasde.com\/alsim\/wp-json\/wp\/v2\/types\/product"}],"replies":[{"embeddable":true,"href":"https:\/\/guiasde.com\/alsim\/wp-json\/wp\/v2\/comments?post=546"}],"wp:featuredmedia":[{"embeddable":true,"href":"https:\/\/guiasde.com\/alsim\/wp-json\/wp\/v2\/media\/572"}],"wp:attachment":[{"href":"https:\/\/guiasde.com\/alsim\/wp-json\/wp\/v2\/media?parent=546"}],"curies":[{"name":"wp","href":"https:\/\/api.w.org\/{rel}","templated":true}]}}