{"id":579,"date":"2021-02-12T17:15:13","date_gmt":"2021-02-12T17:15:13","guid":{"rendered":"http:\/\/guiasde.com\/alsim\/product\/medium-de-hoteles-nh-collection\/"},"modified":"2021-02-12T17:15:13","modified_gmt":"2021-02-12T17:15:13","slug":"medium-de-hoteles-nh-collection","status":"publish","type":"product","link":"https:\/\/guiasde.com\/alsim\/product\/medium-de-hoteles-nh-collection\/","title":{"rendered":"Medium de Hoteles NH Collection"},"content":{"rendered":"","protected":false},"excerpt":{"rendered":"<p>Almohada dise\u00f1ada especialmente para los hoteles NH Collection. Soporte medio especial. Tela Especial de 100% algod\u00f3n de 233 hilos, acabado silky touch y antipluma, Hipoalerg\u00e9nicas, Indeformables, Lavables.<\/p>\n","protected":false},"featured_media":577,"comment_status":"open","ping_status":"closed","template":"","meta":[],"_links":{"self":[{"href":"https:\/\/guiasde.com\/alsim\/wp-json\/wp\/v2\/product\/579"}],"collection":[{"href":"https:\/\/guiasde.com\/alsim\/wp-json\/wp\/v2\/product"}],"about":[{"href":"https:\/\/guiasde.com\/alsim\/wp-json\/wp\/v2\/types\/product"}],"replies":[{"embeddable":true,"href":"https:\/\/guiasde.com\/alsim\/wp-json\/wp\/v2\/comments?post=579"}],"wp:featuredmedia":[{"embeddable":true,"href":"https:\/\/guiasde.com\/alsim\/wp-json\/wp\/v2\/media\/577"}],"wp:attachment":[{"href":"https:\/\/guiasde.com\/alsim\/wp-json\/wp\/v2\/media?parent=579"}],"curies":[{"name":"wp","href":"https:\/\/api.w.org\/{rel}","templated":true}]}}