{"id":623,"date":"2021-02-12T17:33:36","date_gmt":"2021-02-12T17:33:36","guid":{"rendered":"http:\/\/guiasde.com\/alsim\/product\/almohada-pequena-para-bebe-con-funda\/"},"modified":"2021-02-12T19:12:02","modified_gmt":"2021-02-12T19:12:02","slug":"almohada-pequena-para-bebe-con-funda","status":"publish","type":"product","link":"https:\/\/guiasde.com\/alsim\/product\/almohada-pequena-para-bebe-con-funda\/","title":{"rendered":"Almohada peque\u00f1a para Bebe con funda"},"content":{"rendered":"","protected":false},"excerpt":{"rendered":"<p>Almohada peque\u00f1a para Bebe. Tela blanca 100% algod\u00f3n Relleno 100% poli\u00e9ster microgel extra suave INCLUYE FUNDA Hipoalerg\u00e9nica Indeformable Lavable<\/p>\n","protected":false},"featured_media":622,"comment_status":"open","ping_status":"closed","template":"","meta":[],"_links":{"self":[{"href":"https:\/\/guiasde.com\/alsim\/wp-json\/wp\/v2\/product\/623"}],"collection":[{"href":"https:\/\/guiasde.com\/alsim\/wp-json\/wp\/v2\/product"}],"about":[{"href":"https:\/\/guiasde.com\/alsim\/wp-json\/wp\/v2\/types\/product"}],"replies":[{"embeddable":true,"href":"https:\/\/guiasde.com\/alsim\/wp-json\/wp\/v2\/comments?post=623"}],"wp:featuredmedia":[{"embeddable":true,"href":"https:\/\/guiasde.com\/alsim\/wp-json\/wp\/v2\/media\/622"}],"wp:attachment":[{"href":"https:\/\/guiasde.com\/alsim\/wp-json\/wp\/v2\/media?parent=623"}],"curies":[{"name":"wp","href":"https:\/\/api.w.org\/{rel}","templated":true}]}}