{"id":625,"date":"2021-02-12T17:33:52","date_gmt":"2021-02-12T17:33:52","guid":{"rendered":"http:\/\/guiasde.com\/alsim\/product\/almohada-lumbar-firme-con-funda\/"},"modified":"2021-02-12T19:12:02","modified_gmt":"2021-02-12T19:12:02","slug":"almohada-lumbar-firme-con-funda","status":"publish","type":"product","link":"https:\/\/guiasde.com\/alsim\/product\/almohada-lumbar-firme-con-funda\/","title":{"rendered":"Almohada Lumbar Firme con funda"},"content":{"rendered":"","protected":false},"excerpt":{"rendered":"<p>Almohada lumbar firme, Tela blanca 100% algod\u00f3n Relleno 100% poli\u00e9ster de cluster puffs INCLUYE FUNDA Hipoalerg\u00e9nica Indeformable Lavable<\/p>\n","protected":false},"featured_media":624,"comment_status":"open","ping_status":"closed","template":"","meta":[],"_links":{"self":[{"href":"https:\/\/guiasde.com\/alsim\/wp-json\/wp\/v2\/product\/625"}],"collection":[{"href":"https:\/\/guiasde.com\/alsim\/wp-json\/wp\/v2\/product"}],"about":[{"href":"https:\/\/guiasde.com\/alsim\/wp-json\/wp\/v2\/types\/product"}],"replies":[{"embeddable":true,"href":"https:\/\/guiasde.com\/alsim\/wp-json\/wp\/v2\/comments?post=625"}],"wp:featuredmedia":[{"embeddable":true,"href":"https:\/\/guiasde.com\/alsim\/wp-json\/wp\/v2\/media\/624"}],"wp:attachment":[{"href":"https:\/\/guiasde.com\/alsim\/wp-json\/wp\/v2\/media?parent=625"}],"curies":[{"name":"wp","href":"https:\/\/api.w.org\/{rel}","templated":true}]}}