{"id":700,"date":"2021-02-12T17:40:50","date_gmt":"2021-02-12T17:40:50","guid":{"rendered":"http:\/\/guiasde.com\/alsim\/product\/u-total-body-pillow-tamano-junior-silky-touch-con-funda\/"},"modified":"2021-02-12T19:12:12","modified_gmt":"2021-02-12T19:12:12","slug":"u-total-body-pillow-tamano-junior-silky-touch-con-funda","status":"publish","type":"product","link":"https:\/\/guiasde.com\/alsim\/product\/u-total-body-pillow-tamano-junior-silky-touch-con-funda\/","title":{"rendered":"U Total Body Pillow \u00abTAMA\u00d1O JUNIOR\u00bb Silky Touch, con funda"},"content":{"rendered":"","protected":false},"excerpt":{"rendered":"<p>Almohada en U de Cuerpo Entero TAMA\u00d1O JUNIOR total soporte, Tela blanca 100% algod\u00f3n acabado silky touch, relleno de fibra poli\u00e9ster 100% tipo microfibra INCLUYE FUNDA, tela blanca 100% algod\u00f3n acabado silky touch. \u00a0Hipoalerg\u00e9nica Indeformable Lavable.<br \/>\nMedidas:<br \/>\nLargo: 1.10 mts. X Ancho 0.80 mts. X Grosor de pierna: 0.21 mts.<br \/>\nOvalo exterior: 2.50 mts.<br \/>\nOvalo interior: 1.90 mts.<\/p>\n","protected":false},"featured_media":699,"comment_status":"open","ping_status":"closed","template":"","meta":[],"_links":{"self":[{"href":"https:\/\/guiasde.com\/alsim\/wp-json\/wp\/v2\/product\/700"}],"collection":[{"href":"https:\/\/guiasde.com\/alsim\/wp-json\/wp\/v2\/product"}],"about":[{"href":"https:\/\/guiasde.com\/alsim\/wp-json\/wp\/v2\/types\/product"}],"replies":[{"embeddable":true,"href":"https:\/\/guiasde.com\/alsim\/wp-json\/wp\/v2\/comments?post=700"}],"wp:featuredmedia":[{"embeddable":true,"href":"https:\/\/guiasde.com\/alsim\/wp-json\/wp\/v2\/media\/699"}],"wp:attachment":[{"href":"https:\/\/guiasde.com\/alsim\/wp-json\/wp\/v2\/media?parent=700"}],"curies":[{"name":"wp","href":"https:\/\/api.w.org\/{rel}","templated":true}]}}