{"id":709,"date":"2021-02-12T17:41:56","date_gmt":"2021-02-12T17:41:56","guid":{"rendered":"http:\/\/guiasde.com\/alsim\/product\/import-placeholder-for-als079-1\/"},"modified":"2021-02-13T01:39:22","modified_gmt":"2021-02-13T01:39:22","slug":"zigtech-alsim","status":"publish","type":"product","link":"https:\/\/guiasde.com\/alsim\/product\/zigtech-alsim\/","title":{"rendered":"ZigTech Alsim"},"content":{"rendered":"","protected":false},"excerpt":{"rendered":"<p>Zigtech Alsim tipo las noches del Sahara en las Vegas, soporte de suave a medio.<br \/>\nRelleno 100% poli\u00e9ster especial de microfibras, tela capitonada tecnolog\u00eda Zigtech especial de 100% algod\u00f3n de 233 hilos con proceso Silky Touch y acabado anti pluma, Hipoalerg\u00e9nicas, Indeformables, Lavables.<\/p>\n","protected":false},"featured_media":762,"comment_status":"open","ping_status":"closed","template":"","meta":[],"_links":{"self":[{"href":"https:\/\/guiasde.com\/alsim\/wp-json\/wp\/v2\/product\/709"}],"collection":[{"href":"https:\/\/guiasde.com\/alsim\/wp-json\/wp\/v2\/product"}],"about":[{"href":"https:\/\/guiasde.com\/alsim\/wp-json\/wp\/v2\/types\/product"}],"replies":[{"embeddable":true,"href":"https:\/\/guiasde.com\/alsim\/wp-json\/wp\/v2\/comments?post=709"}],"wp:featuredmedia":[{"embeddable":true,"href":"https:\/\/guiasde.com\/alsim\/wp-json\/wp\/v2\/media\/762"}],"wp:attachment":[{"href":"https:\/\/guiasde.com\/alsim\/wp-json\/wp\/v2\/media?parent=709"}],"curies":[{"name":"wp","href":"https:\/\/api.w.org\/{rel}","templated":true}]}}