{"id":748,"date":"2021-02-12T17:45:32","date_gmt":"2021-02-12T17:45:32","guid":{"rendered":"http:\/\/guiasde.com\/alsim\/product\/memoire-hotel-almohada-de-memoria\/"},"modified":"2021-02-12T19:12:12","modified_gmt":"2021-02-12T19:12:12","slug":"memoire-hotel-almohada-de-memoria","status":"publish","type":"product","link":"https:\/\/guiasde.com\/alsim\/product\/memoire-hotel-almohada-de-memoria\/","title":{"rendered":"M\u00e9moire HOTEL , Almohada de Memoria"},"content":{"rendered":"","protected":false},"excerpt":{"rendered":"<p>M\u00e9moire by Alsim, es la \u00fanica almohada de Memoria elaborada en M\u00e9xico con fibras sint\u00e9ticas de alta tecnolog\u00eda (SMARTFILL). Proporciona un soporte adicional con la sensaci\u00f3n del Memory Foam, pero m\u00e1s flexible, muy c\u00f3moda y 100% lavable. Funda de Velour con cierre. Nucleo lavable en m\u00e1quina sin necesidad de retirar el relleno.Medida 40x63x17<\/p>\n","protected":false},"featured_media":747,"comment_status":"open","ping_status":"closed","template":"","meta":[],"_links":{"self":[{"href":"https:\/\/guiasde.com\/alsim\/wp-json\/wp\/v2\/product\/748"}],"collection":[{"href":"https:\/\/guiasde.com\/alsim\/wp-json\/wp\/v2\/product"}],"about":[{"href":"https:\/\/guiasde.com\/alsim\/wp-json\/wp\/v2\/types\/product"}],"replies":[{"embeddable":true,"href":"https:\/\/guiasde.com\/alsim\/wp-json\/wp\/v2\/comments?post=748"}],"wp:featuredmedia":[{"embeddable":true,"href":"https:\/\/guiasde.com\/alsim\/wp-json\/wp\/v2\/media\/747"}],"wp:attachment":[{"href":"https:\/\/guiasde.com\/alsim\/wp-json\/wp\/v2\/media?parent=748"}],"curies":[{"name":"wp","href":"https:\/\/api.w.org\/{rel}","templated":true}]}}