{"id":749,"date":"2021-02-12T17:45:39","date_gmt":"2021-02-12T17:45:39","guid":{"rendered":"http:\/\/guiasde.com\/alsim\/product\/import-placeholder-for-als219-1\/"},"modified":"2021-02-13T01:39:28","modified_gmt":"2021-02-13T01:39:28","slug":"soft-de-holiday-inn-coleccion-2018-relleno-pluma-y-down-natural-en-doble-camara","status":"publish","type":"product","link":"https:\/\/guiasde.com\/alsim\/product\/soft-de-holiday-inn-coleccion-2018-relleno-pluma-y-down-natural-en-doble-camara\/","title":{"rendered":"SOFT de Holiday Inn \u00abCOLECCION 2018\u00bb relleno Pluma y Down Natural en doble c\u00e1mara"},"content":{"rendered":"","protected":false},"excerpt":{"rendered":"<p>Almohada COLECCION 2018 dise\u00f1ada especialmente con est\u00e1ndares autorizados por el Grupo IHG para hoteles Holiday Inn, Holiday Inn Express, Staybridge y Candlewood. Relleno Pluma y Down Natural en doble c\u00e1mara, soporte suave a medio , Tela Especial de 100% algod\u00f3n con doble costura y bies color azul alrededor de la almohada. Hipoalerg\u00e9nicas, Indeformables y 100%\u00a0 Lavables con certificaci\u00f3n de materias primas OEKO-TEX Standard 100 clase 1\u00a0 y est\u00e1ndar Europeo EN-12934 clase 1.<\/p>\n","protected":false},"featured_media":782,"comment_status":"open","ping_status":"closed","template":"","meta":[],"_links":{"self":[{"href":"https:\/\/guiasde.com\/alsim\/wp-json\/wp\/v2\/product\/749"}],"collection":[{"href":"https:\/\/guiasde.com\/alsim\/wp-json\/wp\/v2\/product"}],"about":[{"href":"https:\/\/guiasde.com\/alsim\/wp-json\/wp\/v2\/types\/product"}],"replies":[{"embeddable":true,"href":"https:\/\/guiasde.com\/alsim\/wp-json\/wp\/v2\/comments?post=749"}],"wp:featuredmedia":[{"embeddable":true,"href":"https:\/\/guiasde.com\/alsim\/wp-json\/wp\/v2\/media\/782"}],"wp:attachment":[{"href":"https:\/\/guiasde.com\/alsim\/wp-json\/wp\/v2\/media?parent=749"}],"curies":[{"name":"wp","href":"https:\/\/api.w.org\/{rel}","templated":true}]}}