{"id":770,"date":"2021-02-12T17:47:50","date_gmt":"2021-02-12T17:47:50","guid":{"rendered":"http:\/\/guiasde.com\/alsim\/product\/comforter-inserto-de-duvet-de-down-natural-de-importacion-para-colchon-240-x-220-cms\/"},"modified":"2021-02-12T18:52:36","modified_gmt":"2021-02-12T18:52:36","slug":"comforter-inserto-de-duvet-de-down-natural-de-importacion-para-colchon-240-x-220-cms","status":"publish","type":"product","link":"https:\/\/guiasde.com\/alsim\/product\/comforter-inserto-de-duvet-de-down-natural-de-importacion-para-colchon-240-x-220-cms\/","title":{"rendered":"Comforter Inserto de Duvet de Down Natural de Importaci\u00f3n para Colch\u00f3n 240 x 220 cms."},"content":{"rendered":"","protected":false},"excerpt":{"rendered":"<p>Los Insertos de Duvet de Down Natural de mayor calidad a nivel internacional que solo manejan hoteles de muy alta categor\u00eda, solo c\u00fabralos con una funda de Duvet con tela 100% de algod\u00f3n de Strips como tambien los ofrecemos en esta secci\u00f3n.<\/p>\n<p>Importados directamente por Alsim sin intermediarios con Est\u00e1ndar Europeo EN-12934 clase 1 y Certificaci\u00f3n OEKO-TEX Standard 100 clase 1 que garantiza la calidad del Down natural de relleno y la tela 100% de algodon de 233 hilos incluso para bebes menores a 3 a\u00f1os sin causarles irritaci\u00f3n a la piel siendo hipoalergenicos y 100% lavables.<br \/>\nCompruebe que durmiendo con las Almohadas Alsim y utilizando los Duvets que importamos van a tener un excelente descanso !!!<\/p>\n","protected":false},"featured_media":768,"comment_status":"open","ping_status":"closed","template":"","meta":[],"_links":{"self":[{"href":"https:\/\/guiasde.com\/alsim\/wp-json\/wp\/v2\/product\/770"}],"collection":[{"href":"https:\/\/guiasde.com\/alsim\/wp-json\/wp\/v2\/product"}],"about":[{"href":"https:\/\/guiasde.com\/alsim\/wp-json\/wp\/v2\/types\/product"}],"replies":[{"embeddable":true,"href":"https:\/\/guiasde.com\/alsim\/wp-json\/wp\/v2\/comments?post=770"}],"wp:featuredmedia":[{"embeddable":true,"href":"https:\/\/guiasde.com\/alsim\/wp-json\/wp\/v2\/media\/768"}],"wp:attachment":[{"href":"https:\/\/guiasde.com\/alsim\/wp-json\/wp\/v2\/media?parent=770"}],"curies":[{"name":"wp","href":"https:\/\/api.w.org\/{rel}","templated":true}]}}