{"id":787,"date":"2021-02-12T17:49:42","date_gmt":"2021-02-12T17:49:42","guid":{"rendered":"http:\/\/guiasde.com\/alsim\/product\/import-placeholder-for-als079f-1\/"},"modified":"2024-07-22T22:15:47","modified_gmt":"2024-07-22T22:15:47","slug":"zigtech-firme","status":"publish","type":"product","link":"https:\/\/guiasde.com\/alsim\/product\/zigtech-firme\/","title":{"rendered":"ZigTech Firme"},"content":{"rendered":"","protected":false},"excerpt":{"rendered":"<p>Zigtech Alsim tipo las noches del Sahara en las Vegas, soporte de firme.<\/p>\n<p>Relleno 100% poli\u00e9ster especial de down alternativo, tela capitoneada tecnolog\u00eda Zigtech especial de 100% algod\u00f3n de 233 hilos con proceso Silky Touch y acabado anti pluma, Hipoalerg\u00e9nicas, Indeformables, Lavables.<\/p>\n","protected":false},"featured_media":832,"comment_status":"open","ping_status":"closed","template":"","meta":[],"_links":{"self":[{"href":"https:\/\/guiasde.com\/alsim\/wp-json\/wp\/v2\/product\/787"}],"collection":[{"href":"https:\/\/guiasde.com\/alsim\/wp-json\/wp\/v2\/product"}],"about":[{"href":"https:\/\/guiasde.com\/alsim\/wp-json\/wp\/v2\/types\/product"}],"replies":[{"embeddable":true,"href":"https:\/\/guiasde.com\/alsim\/wp-json\/wp\/v2\/comments?post=787"}],"wp:featuredmedia":[{"embeddable":true,"href":"https:\/\/guiasde.com\/alsim\/wp-json\/wp\/v2\/media\/832"}],"wp:attachment":[{"href":"https:\/\/guiasde.com\/alsim\/wp-json\/wp\/v2\/media?parent=787"}],"curies":[{"name":"wp","href":"https:\/\/api.w.org\/{rel}","templated":true}]}}