{"id":802,"date":"2021-02-12T17:51:06","date_gmt":"2021-02-12T17:51:06","guid":{"rendered":"http:\/\/guiasde.com\/alsim\/product\/soft-de-crowne-plaza-coleccion-2018-de-down-alternativo-tamano-quen-size\/"},"modified":"2021-02-12T17:51:06","modified_gmt":"2021-02-12T17:51:06","slug":"soft-de-crowne-plaza-coleccion-2018-de-down-alternativo-tamano-quen-size","status":"publish","type":"product","link":"https:\/\/guiasde.com\/alsim\/product\/soft-de-crowne-plaza-coleccion-2018-de-down-alternativo-tamano-quen-size\/","title":{"rendered":"SOFT de Crowne Plaza \u00abCOLECCION 2018\u00bb de Down Alternativo tama\u00f1o Quen Size"},"content":{"rendered":"","protected":false},"excerpt":{"rendered":"<p>Almohada \u00abCOLECCION 2018\u00bb dise\u00f1ada para Hoteles Crowne Plaza e Indigo. Soporte suave de Down Alternativo,  Tela especial de 100% algod\u00f3n de 233 hilos con proceso Silky Touch y acabado anti pluma, Hipoalerg\u00e9nicas, Indeformables, Lavables.<\/p>\n","protected":false},"featured_media":801,"comment_status":"open","ping_status":"closed","template":"","meta":[],"_links":{"self":[{"href":"https:\/\/guiasde.com\/alsim\/wp-json\/wp\/v2\/product\/802"}],"collection":[{"href":"https:\/\/guiasde.com\/alsim\/wp-json\/wp\/v2\/product"}],"about":[{"href":"https:\/\/guiasde.com\/alsim\/wp-json\/wp\/v2\/types\/product"}],"replies":[{"embeddable":true,"href":"https:\/\/guiasde.com\/alsim\/wp-json\/wp\/v2\/comments?post=802"}],"wp:featuredmedia":[{"embeddable":true,"href":"https:\/\/guiasde.com\/alsim\/wp-json\/wp\/v2\/media\/801"}],"wp:attachment":[{"href":"https:\/\/guiasde.com\/alsim\/wp-json\/wp\/v2\/media?parent=802"}],"curies":[{"name":"wp","href":"https:\/\/api.w.org\/{rel}","templated":true}]}}