{"id":814,"date":"2021-02-12T17:52:35","date_gmt":"2021-02-12T17:52:35","guid":{"rendered":"http:\/\/guiasde.com\/alsim\/product\/paquete-hotel-hyatt-ziva-cancun-2-almohadas-doble-camara-50-pluma-50-down-natural-suave-y-firme\/"},"modified":"2021-02-12T17:52:35","modified_gmt":"2021-02-12T17:52:35","slug":"paquete-hotel-hyatt-ziva-cancun-2-almohadas-doble-camara-50-pluma-50-down-natural-suave-y-firme","status":"publish","type":"product","link":"https:\/\/guiasde.com\/alsim\/product\/paquete-hotel-hyatt-ziva-cancun-2-almohadas-doble-camara-50-pluma-50-down-natural-suave-y-firme\/","title":{"rendered":"Paquete Hotel HYATT ZIVA Canc\u00fan 2 almohadas doble camara 50% Pluma 50% Down Natural, Suave y Firme"},"content":{"rendered":"","protected":false},"excerpt":{"rendered":"<p>1 Almohada FIRM tama\u00f1o Queen Size 50 x 75<br \/>\n1 Almohada SOFT tama\u00f1o Queen Size 50 x 75<\/p>\n<p>Tacto de Down Doble C\u00e1mara 50% Pluma Natural 50% Down Natural, est\u00e1ndar europeo EN-12934 clase 1 y certificaci\u00f3n OEKO-TEC Standard 100 clase 1.<\/p>\n<p>Libres de Alergias, 100% lavables.<\/p>\n","protected":false},"featured_media":813,"comment_status":"open","ping_status":"closed","template":"","meta":[],"_links":{"self":[{"href":"https:\/\/guiasde.com\/alsim\/wp-json\/wp\/v2\/product\/814"}],"collection":[{"href":"https:\/\/guiasde.com\/alsim\/wp-json\/wp\/v2\/product"}],"about":[{"href":"https:\/\/guiasde.com\/alsim\/wp-json\/wp\/v2\/types\/product"}],"replies":[{"embeddable":true,"href":"https:\/\/guiasde.com\/alsim\/wp-json\/wp\/v2\/comments?post=814"}],"wp:featuredmedia":[{"embeddable":true,"href":"https:\/\/guiasde.com\/alsim\/wp-json\/wp\/v2\/media\/813"}],"wp:attachment":[{"href":"https:\/\/guiasde.com\/alsim\/wp-json\/wp\/v2\/media?parent=814"}],"curies":[{"name":"wp","href":"https:\/\/api.w.org\/{rel}","templated":true}]}}