{"id":825,"date":"2021-02-12T17:53:30","date_gmt":"2021-02-12T17:53:30","guid":{"rendered":"http:\/\/guiasde.com\/alsim\/product\/paquete-am-resorts-secrets-dreams-now-breathless-cama-king-size-4-almohadas-2-soporte-suave-a-medio-y-2-soporte-firme\/"},"modified":"2021-02-12T17:53:30","modified_gmt":"2021-02-12T17:53:30","slug":"paquete-am-resorts-secrets-dreams-now-breathless-cama-king-size-4-almohadas-2-soporte-suave-a-medio-y-2-soporte-firme","status":"publish","type":"product","link":"https:\/\/guiasde.com\/alsim\/product\/paquete-am-resorts-secrets-dreams-now-breathless-cama-king-size-4-almohadas-2-soporte-suave-a-medio-y-2-soporte-firme\/","title":{"rendered":"Paquete AM Resorts (SECRETS, DREAMS, NOW, BREATHLESS) Cama King Size 4 Almohadas, 2 soporte suave a medio y 2 soporte firme"},"content":{"rendered":"","protected":false},"excerpt":{"rendered":"<p>2 Almohadas soporte suave a medio modelo Altezza Diamante, tama\u00f1o\u00a0 50 x 90<\/p>\n<p>2 Almohadas soporte firme modelo Altezza Diamante, tama\u00f1o 50 x 90<\/p>\n<p>Est\u00e1ndar 2018 establecido para hoteles AM Resorts: Secrets, Dreams, Breathless, Zoetry, Now y Sunscape para cama tama\u00f1o King Size (esta configuraci\u00f3n puede variar dependiendo del hotel)<\/p>\n","protected":false},"featured_media":824,"comment_status":"open","ping_status":"closed","template":"","meta":[],"_links":{"self":[{"href":"https:\/\/guiasde.com\/alsim\/wp-json\/wp\/v2\/product\/825"}],"collection":[{"href":"https:\/\/guiasde.com\/alsim\/wp-json\/wp\/v2\/product"}],"about":[{"href":"https:\/\/guiasde.com\/alsim\/wp-json\/wp\/v2\/types\/product"}],"replies":[{"embeddable":true,"href":"https:\/\/guiasde.com\/alsim\/wp-json\/wp\/v2\/comments?post=825"}],"wp:featuredmedia":[{"embeddable":true,"href":"https:\/\/guiasde.com\/alsim\/wp-json\/wp\/v2\/media\/824"}],"wp:attachment":[{"href":"https:\/\/guiasde.com\/alsim\/wp-json\/wp\/v2\/media?parent=825"}],"curies":[{"name":"wp","href":"https:\/\/api.w.org\/{rel}","templated":true}]}}