{"id":827,"date":"2021-02-12T17:53:44","date_gmt":"2021-02-12T17:53:44","guid":{"rendered":"http:\/\/guiasde.com\/alsim\/product\/paquete-am-resorts-secrets-dreams-now-breathless-cama-king-size-3-almohadas-soporte-suave-a-medio\/"},"modified":"2021-02-12T17:53:44","modified_gmt":"2021-02-12T17:53:44","slug":"paquete-am-resorts-secrets-dreams-now-breathless-cama-king-size-3-almohadas-soporte-suave-a-medio","status":"publish","type":"product","link":"https:\/\/guiasde.com\/alsim\/product\/paquete-am-resorts-secrets-dreams-now-breathless-cama-king-size-3-almohadas-soporte-suave-a-medio\/","title":{"rendered":"Paquete AM Resorts (SECRETS, DREAMS, NOW, BREATHLESS) Cama King Size 3 Almohadas Soporte Suave a Medio"},"content":{"rendered":"","protected":false},"excerpt":{"rendered":"<p>3 Almohadas soporte suave a medio modelo Altezza Diamante, tama\u00f1o\u00a0 50 x 75<\/p>\n<p>&nbsp;<\/p>\n<p>Est\u00e1ndar 2018 establecido para hoteles AM Resorts: Secrets, Dreams, Breathless, Zoetry, Now y Sunscape para cama tama\u00f1o King Size (esta configuraci\u00f3n puede variar dependiendo del hotel)<\/p>\n","protected":false},"featured_media":826,"comment_status":"open","ping_status":"closed","template":"","meta":[],"_links":{"self":[{"href":"https:\/\/guiasde.com\/alsim\/wp-json\/wp\/v2\/product\/827"}],"collection":[{"href":"https:\/\/guiasde.com\/alsim\/wp-json\/wp\/v2\/product"}],"about":[{"href":"https:\/\/guiasde.com\/alsim\/wp-json\/wp\/v2\/types\/product"}],"replies":[{"embeddable":true,"href":"https:\/\/guiasde.com\/alsim\/wp-json\/wp\/v2\/comments?post=827"}],"wp:featuredmedia":[{"embeddable":true,"href":"https:\/\/guiasde.com\/alsim\/wp-json\/wp\/v2\/media\/826"}],"wp:attachment":[{"href":"https:\/\/guiasde.com\/alsim\/wp-json\/wp\/v2\/media?parent=827"}],"curies":[{"name":"wp","href":"https:\/\/api.w.org\/{rel}","templated":true}]}}