{"id":837,"date":"2021-02-12T17:54:42","date_gmt":"2021-02-12T17:54:42","guid":{"rendered":"http:\/\/guiasde.com\/alsim\/product\/paquete-hotel-atelier-costa-mujeres-cama-king-size-4-almohadas-2-suaves-y-2-medias\/"},"modified":"2021-02-12T17:54:42","modified_gmt":"2021-02-12T17:54:42","slug":"paquete-hotel-atelier-costa-mujeres-cama-king-size-4-almohadas-2-suaves-y-2-medias","status":"publish","type":"product","link":"https:\/\/guiasde.com\/alsim\/product\/paquete-hotel-atelier-costa-mujeres-cama-king-size-4-almohadas-2-suaves-y-2-medias\/","title":{"rendered":"Paquete Hotel ATELIER Costa Mujeres Cama King Size 4 Almohadas, 2 Suaves y 2 Medias"},"content":{"rendered":"","protected":false},"excerpt":{"rendered":"<p>2 Almohadas soporte suave a medio modelo Altezza Diamante, tama\u00f1o\u00a0 50 x 90<\/p>\n<p>2 Almohadas soporte medio modelo Supreme 3D Diamante, tama\u00f1o 50 x 90<\/p>\n<p>Gran Hotel de Super Lujo con los m\u00e1s altos est\u00e1ndares de Excelencia en la nueva zona de Playa Mujeres al norte de Canc\u00fan.<\/p>\n","protected":false},"featured_media":836,"comment_status":"open","ping_status":"closed","template":"","meta":[],"_links":{"self":[{"href":"https:\/\/guiasde.com\/alsim\/wp-json\/wp\/v2\/product\/837"}],"collection":[{"href":"https:\/\/guiasde.com\/alsim\/wp-json\/wp\/v2\/product"}],"about":[{"href":"https:\/\/guiasde.com\/alsim\/wp-json\/wp\/v2\/types\/product"}],"replies":[{"embeddable":true,"href":"https:\/\/guiasde.com\/alsim\/wp-json\/wp\/v2\/comments?post=837"}],"wp:featuredmedia":[{"embeddable":true,"href":"https:\/\/guiasde.com\/alsim\/wp-json\/wp\/v2\/media\/836"}],"wp:attachment":[{"href":"https:\/\/guiasde.com\/alsim\/wp-json\/wp\/v2\/media?parent=837"}],"curies":[{"name":"wp","href":"https:\/\/api.w.org\/{rel}","templated":true}]}}