{"id":850,"date":"2021-02-12T17:55:59","date_gmt":"2021-02-12T17:55:59","guid":{"rendered":"http:\/\/guiasde.com\/alsim\/product\/almohada-de-lectura-como-en-hoteles-city-suites-y-city-express-plus-con-funda-35-x-55\/"},"modified":"2021-02-12T18:52:38","modified_gmt":"2021-02-12T18:52:38","slug":"almohada-de-lectura-como-en-hoteles-city-suites-y-city-express-plus-con-funda-35-x-55","status":"publish","type":"product","link":"https:\/\/guiasde.com\/alsim\/product\/almohada-de-lectura-como-en-hoteles-city-suites-y-city-express-plus-con-funda-35-x-55\/","title":{"rendered":"Almohada de Lectura como en Hoteles City Suites y City Express Plus  con funda 35 x 55"},"content":{"rendered":"","protected":false},"excerpt":{"rendered":"<p>Almohada central de cama en hoteles City Express, medidas 35 x 55 cms., Tela blanca 100% algod\u00f3n Relleno 100% poli\u00e9ster de cluster puffs INCLUYE FUNDA Hipoalerg\u00e9nica Indeformable Lavable<\/p>\n","protected":false},"featured_media":849,"comment_status":"open","ping_status":"closed","template":"","meta":[],"_links":{"self":[{"href":"https:\/\/guiasde.com\/alsim\/wp-json\/wp\/v2\/product\/850"}],"collection":[{"href":"https:\/\/guiasde.com\/alsim\/wp-json\/wp\/v2\/product"}],"about":[{"href":"https:\/\/guiasde.com\/alsim\/wp-json\/wp\/v2\/types\/product"}],"replies":[{"embeddable":true,"href":"https:\/\/guiasde.com\/alsim\/wp-json\/wp\/v2\/comments?post=850"}],"wp:featuredmedia":[{"embeddable":true,"href":"https:\/\/guiasde.com\/alsim\/wp-json\/wp\/v2\/media\/849"}],"wp:attachment":[{"href":"https:\/\/guiasde.com\/alsim\/wp-json\/wp\/v2\/media?parent=850"}],"curies":[{"name":"wp","href":"https:\/\/api.w.org\/{rel}","templated":true}]}}