{"id":863,"date":"2021-02-12T18:05:27","date_gmt":"2021-02-12T18:05:27","guid":{"rendered":"http:\/\/guiasde.com\/alsim\/product\/4-almohadas-down-sintetico\/"},"modified":"2021-02-12T18:05:27","modified_gmt":"2021-02-12T18:05:27","slug":"4-almohadas-down-sintetico","status":"publish","type":"product","link":"https:\/\/guiasde.com\/alsim\/product\/4-almohadas-down-sintetico\/","title":{"rendered":"4 Almohadas Down Sint\u00e9tico"},"content":{"rendered":"","protected":false},"excerpt":{"rendered":"<p><b>Almohada soporte medio Down Sint\u00e9tico de clusters Edici\u00f3n Diamante, matrimonial 50 x 66 cms\u00a0<\/b><\/p>\n<p>&nbsp;<\/p>\n","protected":false},"featured_media":862,"comment_status":"open","ping_status":"closed","template":"","meta":[],"_links":{"self":[{"href":"https:\/\/guiasde.com\/alsim\/wp-json\/wp\/v2\/product\/863"}],"collection":[{"href":"https:\/\/guiasde.com\/alsim\/wp-json\/wp\/v2\/product"}],"about":[{"href":"https:\/\/guiasde.com\/alsim\/wp-json\/wp\/v2\/types\/product"}],"replies":[{"embeddable":true,"href":"https:\/\/guiasde.com\/alsim\/wp-json\/wp\/v2\/comments?post=863"}],"wp:featuredmedia":[{"embeddable":true,"href":"https:\/\/guiasde.com\/alsim\/wp-json\/wp\/v2\/media\/862"}],"wp:attachment":[{"href":"https:\/\/guiasde.com\/alsim\/wp-json\/wp\/v2\/media?parent=863"}],"curies":[{"name":"wp","href":"https:\/\/api.w.org\/{rel}","templated":true}]}}