{"id":869,"date":"2021-02-12T18:06:10","date_gmt":"2021-02-12T18:06:10","guid":{"rendered":"http:\/\/guiasde.com\/alsim\/product\/4-almohadas-down-sintetico-plus\/"},"modified":"2021-02-12T18:06:10","modified_gmt":"2021-02-12T18:06:10","slug":"4-almohadas-down-sintetico-plus","status":"publish","type":"product","link":"https:\/\/guiasde.com\/alsim\/product\/4-almohadas-down-sintetico-plus\/","title":{"rendered":"4 Almohadas Down Sint\u00e9tico Plus"},"content":{"rendered":"","protected":false},"excerpt":{"rendered":"<p><b>Almohada soporte firme Down Sint\u00e9tico Plus de clusters Edici\u00f3n Diamante, matrimonial 50 x 66 cms\u00a0<\/b><\/p>\n<p>&nbsp;<\/p>\n","protected":false},"featured_media":868,"comment_status":"open","ping_status":"closed","template":"","meta":[],"_links":{"self":[{"href":"https:\/\/guiasde.com\/alsim\/wp-json\/wp\/v2\/product\/869"}],"collection":[{"href":"https:\/\/guiasde.com\/alsim\/wp-json\/wp\/v2\/product"}],"about":[{"href":"https:\/\/guiasde.com\/alsim\/wp-json\/wp\/v2\/types\/product"}],"replies":[{"embeddable":true,"href":"https:\/\/guiasde.com\/alsim\/wp-json\/wp\/v2\/comments?post=869"}],"wp:featuredmedia":[{"embeddable":true,"href":"https:\/\/guiasde.com\/alsim\/wp-json\/wp\/v2\/media\/868"}],"wp:attachment":[{"href":"https:\/\/guiasde.com\/alsim\/wp-json\/wp\/v2\/media?parent=869"}],"curies":[{"name":"wp","href":"https:\/\/api.w.org\/{rel}","templated":true}]}}