{"id":878,"date":"2021-02-12T18:07:06","date_gmt":"2021-02-12T18:07:06","guid":{"rendered":"http:\/\/guiasde.com\/alsim\/product\/medium-alsim-hotel-pillows-2-almohadas\/"},"modified":"2021-02-12T18:07:06","modified_gmt":"2021-02-12T18:07:06","slug":"medium-alsim-hotel-pillows-2-almohadas","status":"publish","type":"product","link":"https:\/\/guiasde.com\/alsim\/product\/medium-alsim-hotel-pillows-2-almohadas\/","title":{"rendered":"MEDIUM Alsim Hotel Pillows (2 ALMOHADAS)"},"content":{"rendered":"","protected":false},"excerpt":{"rendered":"<p>2 Almohadas hoteleras soporte Medio edici\u00f3n Diamante, tela 100% algod\u00f3n de 233 hilos, silky touch, relleno de fibra sint\u00e9tica, Down Alternativo, doble costura en los 4 lados de la almohada<\/p>\n","protected":false},"featured_media":877,"comment_status":"open","ping_status":"closed","template":"","meta":[],"_links":{"self":[{"href":"https:\/\/guiasde.com\/alsim\/wp-json\/wp\/v2\/product\/878"}],"collection":[{"href":"https:\/\/guiasde.com\/alsim\/wp-json\/wp\/v2\/product"}],"about":[{"href":"https:\/\/guiasde.com\/alsim\/wp-json\/wp\/v2\/types\/product"}],"replies":[{"embeddable":true,"href":"https:\/\/guiasde.com\/alsim\/wp-json\/wp\/v2\/comments?post=878"}],"wp:featuredmedia":[{"embeddable":true,"href":"https:\/\/guiasde.com\/alsim\/wp-json\/wp\/v2\/media\/877"}],"wp:attachment":[{"href":"https:\/\/guiasde.com\/alsim\/wp-json\/wp\/v2\/media?parent=878"}],"curies":[{"name":"wp","href":"https:\/\/api.w.org\/{rel}","templated":true}]}}