{"id":884,"date":"2021-02-12T18:07:50","date_gmt":"2021-02-12T18:07:50","guid":{"rendered":"http:\/\/guiasde.com\/alsim\/product\/6-almohadas-hospitalarias-con-cubierta-deschechable-de-non-woven\/"},"modified":"2021-02-12T19:12:19","modified_gmt":"2021-02-12T19:12:19","slug":"6-almohadas-hospitalarias-con-cubierta-deschechable-de-non-woven","status":"publish","type":"product","link":"https:\/\/guiasde.com\/alsim\/product\/6-almohadas-hospitalarias-con-cubierta-deschechable-de-non-woven\/","title":{"rendered":"6 Almohadas Hospitalarias con cubierta deschechable de Non Woven"},"content":{"rendered":"","protected":false},"excerpt":{"rendered":"<p>Almohada especial con cubierta de Non Woven de 35 gramos y relleno 100% de fibra sint\u00e9tica de poli\u00e9ster ecol\u00f3gico.<\/p>\n","protected":false},"featured_media":883,"comment_status":"open","ping_status":"closed","template":"","meta":[],"_links":{"self":[{"href":"https:\/\/guiasde.com\/alsim\/wp-json\/wp\/v2\/product\/884"}],"collection":[{"href":"https:\/\/guiasde.com\/alsim\/wp-json\/wp\/v2\/product"}],"about":[{"href":"https:\/\/guiasde.com\/alsim\/wp-json\/wp\/v2\/types\/product"}],"replies":[{"embeddable":true,"href":"https:\/\/guiasde.com\/alsim\/wp-json\/wp\/v2\/comments?post=884"}],"wp:featuredmedia":[{"embeddable":true,"href":"https:\/\/guiasde.com\/alsim\/wp-json\/wp\/v2\/media\/883"}],"wp:attachment":[{"href":"https:\/\/guiasde.com\/alsim\/wp-json\/wp\/v2\/media?parent=884"}],"curies":[{"name":"wp","href":"https:\/\/api.w.org\/{rel}","templated":true}]}}