{"id":886,"date":"2021-02-12T18:08:00","date_gmt":"2021-02-12T18:08:00","guid":{"rendered":"http:\/\/guiasde.com\/alsim\/product\/6-almohadas-hospitalarias-con-cubierta-deschechable-de-non-woven-2\/"},"modified":"2021-02-12T19:12:24","modified_gmt":"2021-02-12T19:12:24","slug":"6-almohadas-hospitalarias-con-cubierta-deschechable-de-non-woven-2","status":"publish","type":"product","link":"https:\/\/guiasde.com\/alsim\/product\/6-almohadas-hospitalarias-con-cubierta-deschechable-de-non-woven-2\/","title":{"rendered":"6 Almohadas Hospitalarias con cubierta deschechable de Non Woven"},"content":{"rendered":"","protected":false},"excerpt":{"rendered":"<p>Almohada especial con cubierta de Non Woven de 35 gramos y relleno 100% de fibra sint\u00e9tica de poli\u00e9ster ecol\u00f3gico.<\/p>\n","protected":false},"featured_media":885,"comment_status":"open","ping_status":"closed","template":"","meta":[],"_links":{"self":[{"href":"https:\/\/guiasde.com\/alsim\/wp-json\/wp\/v2\/product\/886"}],"collection":[{"href":"https:\/\/guiasde.com\/alsim\/wp-json\/wp\/v2\/product"}],"about":[{"href":"https:\/\/guiasde.com\/alsim\/wp-json\/wp\/v2\/types\/product"}],"replies":[{"embeddable":true,"href":"https:\/\/guiasde.com\/alsim\/wp-json\/wp\/v2\/comments?post=886"}],"wp:featuredmedia":[{"embeddable":true,"href":"https:\/\/guiasde.com\/alsim\/wp-json\/wp\/v2\/media\/885"}],"wp:attachment":[{"href":"https:\/\/guiasde.com\/alsim\/wp-json\/wp\/v2\/media?parent=886"}],"curies":[{"name":"wp","href":"https:\/\/api.w.org\/{rel}","templated":true}]}}