{"id":888,"date":"2021-02-12T18:08:18","date_gmt":"2021-02-12T18:08:18","guid":{"rendered":"http:\/\/guiasde.com\/alsim\/product\/caja-con-25-almohadas-hospitalarias-con-cubierta-deschechable-de-non-woven\/"},"modified":"2021-02-12T19:12:39","modified_gmt":"2021-02-12T19:12:39","slug":"caja-con-25-almohadas-hospitalarias-con-cubierta-deschechable-de-non-woven","status":"publish","type":"product","link":"https:\/\/guiasde.com\/alsim\/product\/caja-con-25-almohadas-hospitalarias-con-cubierta-deschechable-de-non-woven\/","title":{"rendered":"Caja con 25 Almohadas Hospitalarias con cubierta deschechable de Non Woven"},"content":{"rendered":"","protected":false},"excerpt":{"rendered":"<p>Producto especial para equipamiento de cl\u00ednicas y hospitales. Dimensiones de caja de cart\u00f3n 40 x 70 x 90 cms. Almohada especial con cubierta de Non Woven de 35 gramos y relleno 100% de fibra sint\u00e9tica de poli\u00e9ster ecol\u00f3gico.<\/p>\n","protected":false},"featured_media":885,"comment_status":"open","ping_status":"closed","template":"","meta":[],"_links":{"self":[{"href":"https:\/\/guiasde.com\/alsim\/wp-json\/wp\/v2\/product\/888"}],"collection":[{"href":"https:\/\/guiasde.com\/alsim\/wp-json\/wp\/v2\/product"}],"about":[{"href":"https:\/\/guiasde.com\/alsim\/wp-json\/wp\/v2\/types\/product"}],"replies":[{"embeddable":true,"href":"https:\/\/guiasde.com\/alsim\/wp-json\/wp\/v2\/comments?post=888"}],"wp:featuredmedia":[{"embeddable":true,"href":"https:\/\/guiasde.com\/alsim\/wp-json\/wp\/v2\/media\/885"}],"wp:attachment":[{"href":"https:\/\/guiasde.com\/alsim\/wp-json\/wp\/v2\/media?parent=888"}],"curies":[{"name":"wp","href":"https:\/\/api.w.org\/{rel}","templated":true}]}}