{"id":892,"date":"2021-02-12T18:08:41","date_gmt":"2021-02-12T18:08:41","guid":{"rendered":"http:\/\/guiasde.com\/alsim\/product\/supreme-3d-fuelle-eliptico-tamano-queen-size\/"},"modified":"2021-02-12T19:12:42","modified_gmt":"2021-02-12T19:12:42","slug":"supreme-3d-fuelle-eliptico-tamano-queen-size","status":"publish","type":"product","link":"https:\/\/guiasde.com\/alsim\/product\/supreme-3d-fuelle-eliptico-tamano-queen-size\/","title":{"rendered":"Supreme 3D Fuelle El\u00edptico, tama\u00f1o Queen Size"},"content":{"rendered":"","protected":false},"excerpt":{"rendered":"<p>Almohada especial con fuelle el\u00edptico para proporcionar un soporte de medio a firme. Tipo Supreme 3D. Este soporte especial brinda total comodidad para dormir de lado.<br \/>\nRelleno 100% poli\u00e9ster especial de down alternativo. Tela especial de 100% algod\u00f3n de 233 hilos con proceso Silky Touch y acabado anti pluma, Hipoalerg\u00e9nicas, Indeformables, Lavables.<\/p>\n","protected":false},"featured_media":891,"comment_status":"open","ping_status":"closed","template":"","meta":[],"_links":{"self":[{"href":"https:\/\/guiasde.com\/alsim\/wp-json\/wp\/v2\/product\/892"}],"collection":[{"href":"https:\/\/guiasde.com\/alsim\/wp-json\/wp\/v2\/product"}],"about":[{"href":"https:\/\/guiasde.com\/alsim\/wp-json\/wp\/v2\/types\/product"}],"replies":[{"embeddable":true,"href":"https:\/\/guiasde.com\/alsim\/wp-json\/wp\/v2\/comments?post=892"}],"wp:featuredmedia":[{"embeddable":true,"href":"https:\/\/guiasde.com\/alsim\/wp-json\/wp\/v2\/media\/891"}],"wp:attachment":[{"href":"https:\/\/guiasde.com\/alsim\/wp-json\/wp\/v2\/media?parent=892"}],"curies":[{"name":"wp","href":"https:\/\/api.w.org\/{rel}","templated":true}]}}