{"id":920,"date":"2021-02-12T18:14:17","date_gmt":"2021-02-12T18:14:17","guid":{"rendered":"http:\/\/guiasde.com\/alsim\/product\/10-almohadas-zigtech-soft\/"},"modified":"2021-02-12T18:14:17","modified_gmt":"2021-02-12T18:14:17","slug":"10-almohadas-zigtech-soft","status":"publish","type":"product","link":"https:\/\/guiasde.com\/alsim\/product\/10-almohadas-zigtech-soft\/","title":{"rendered":"10 ALMOHADAS ZIGTECH SOFT"},"content":{"rendered":"","protected":false},"excerpt":{"rendered":"<p>Zigtech Alsim tipo las noches del Sahara en las Vegas, soporte de suave a medio.<\/p>\n<p>Relleno 100% poli\u00e9ster especial de microfibras, Medidas 50 x 66 cms., tela capitoneada tecnolog\u00eda Zigtech especial de 100% algod\u00f3n de 233 hilos con proceso Silky Touch y acabado anti pluma, Hipoalerg\u00e9nicas, Indeformables, Lavables.<\/p>\n","protected":false},"featured_media":919,"comment_status":"open","ping_status":"closed","template":"","meta":[],"_links":{"self":[{"href":"https:\/\/guiasde.com\/alsim\/wp-json\/wp\/v2\/product\/920"}],"collection":[{"href":"https:\/\/guiasde.com\/alsim\/wp-json\/wp\/v2\/product"}],"about":[{"href":"https:\/\/guiasde.com\/alsim\/wp-json\/wp\/v2\/types\/product"}],"replies":[{"embeddable":true,"href":"https:\/\/guiasde.com\/alsim\/wp-json\/wp\/v2\/comments?post=920"}],"wp:featuredmedia":[{"embeddable":true,"href":"https:\/\/guiasde.com\/alsim\/wp-json\/wp\/v2\/media\/919"}],"wp:attachment":[{"href":"https:\/\/guiasde.com\/alsim\/wp-json\/wp\/v2\/media?parent=920"}],"curies":[{"name":"wp","href":"https:\/\/api.w.org\/{rel}","templated":true}]}}