{"id":949,"date":"2021-02-12T18:17:23","date_gmt":"2021-02-12T18:17:23","guid":{"rendered":"http:\/\/guiasde.com\/alsim\/product\/mattress-encasement-100-impermeable-tela-50-algodon-50poliester-con-recubrimiento-de-ptu-individual-con-zipper\/"},"modified":"2021-02-12T18:52:52","modified_gmt":"2021-02-12T18:52:52","slug":"mattress-encasement-100-impermeable-tela-50-algodon-50poliester-con-recubrimiento-de-ptu-individual-con-zipper","status":"publish","type":"product","link":"https:\/\/guiasde.com\/alsim\/product\/mattress-encasement-100-impermeable-tela-50-algodon-50poliester-con-recubrimiento-de-ptu-individual-con-zipper\/","title":{"rendered":"Mattress Encasement 100% impermeable Tela 50% algodon\/50%poli\u00e9ster con recubrimiento de PTU individual con zipper"},"content":{"rendered":"","protected":false},"excerpt":{"rendered":"<p>Protector de colch\u00f3n 100% impermeable contra agua, \u00e1caros, bacterias, al\u00e9rgenos y polvo, tela de doble cara, por el lado exterior 50% algod\u00f3n 50% poli\u00e9ster, por el lado interior recubrimiento de Poliuretano PTU, tama\u00f1o individual con zipper, medida 99 ancho x 190 largo\u00a0 x 30.5 alto, cent\u00edmetros.<\/p>\n<p>La capa impermeable es tan suave que no modifica la comodidad de la almohada ni su soporte.<\/p>\n","protected":false},"featured_media":948,"comment_status":"open","ping_status":"closed","template":"","meta":[],"_links":{"self":[{"href":"https:\/\/guiasde.com\/alsim\/wp-json\/wp\/v2\/product\/949"}],"collection":[{"href":"https:\/\/guiasde.com\/alsim\/wp-json\/wp\/v2\/product"}],"about":[{"href":"https:\/\/guiasde.com\/alsim\/wp-json\/wp\/v2\/types\/product"}],"replies":[{"embeddable":true,"href":"https:\/\/guiasde.com\/alsim\/wp-json\/wp\/v2\/comments?post=949"}],"wp:featuredmedia":[{"embeddable":true,"href":"https:\/\/guiasde.com\/alsim\/wp-json\/wp\/v2\/media\/948"}],"wp:attachment":[{"href":"https:\/\/guiasde.com\/alsim\/wp-json\/wp\/v2\/media?parent=949"}],"curies":[{"name":"wp","href":"https:\/\/api.w.org\/{rel}","templated":true}]}}