{"id":958,"date":"2021-02-12T18:18:09","date_gmt":"2021-02-12T18:18:09","guid":{"rendered":"http:\/\/guiasde.com\/alsim\/product\/paquete-queen-size-encasement-para-colchon-y-2-encasements-para-almohada-100-impermeables\/"},"modified":"2021-02-12T18:52:56","modified_gmt":"2021-02-12T18:52:56","slug":"paquete-queen-size-encasement-para-colchon-y-2-encasements-para-almohada-100-impermeables","status":"publish","type":"product","link":"https:\/\/guiasde.com\/alsim\/product\/paquete-queen-size-encasement-para-colchon-y-2-encasements-para-almohada-100-impermeables\/","title":{"rendered":"Paquete Queen Size Encasement para Colch\u00f3n y 2 Encasements para Almohada 100% impermeables"},"content":{"rendered":"","protected":false},"excerpt":{"rendered":"<p>Encasement para colch\u00f3n 100% impermeable contra agua, \u00e1caros, bacterias, al\u00e9rgenos y polvo, tela de doble cara, por el lado exterior 50% algod\u00f3n 50% poli\u00e9ster, por el lado interior recubrimiento de Poliuretano PTU, tama\u00f1o queen size con zipper, medida 152 ancho x 203 largo\u00a0 x 30.5 alto, cent\u00edmetros. Incluye 2 Encasements para Almohada 100% impermeable mismo material tama\u00f1o 50&#215;75 con zipper.<\/p>\n<p>La capa impermeable es tan suave que no modifica la comodidad de la almohada ni su soporte.<\/p>\n","protected":false},"featured_media":956,"comment_status":"open","ping_status":"closed","template":"","meta":[],"_links":{"self":[{"href":"https:\/\/guiasde.com\/alsim\/wp-json\/wp\/v2\/product\/958"}],"collection":[{"href":"https:\/\/guiasde.com\/alsim\/wp-json\/wp\/v2\/product"}],"about":[{"href":"https:\/\/guiasde.com\/alsim\/wp-json\/wp\/v2\/types\/product"}],"replies":[{"embeddable":true,"href":"https:\/\/guiasde.com\/alsim\/wp-json\/wp\/v2\/comments?post=958"}],"wp:featuredmedia":[{"embeddable":true,"href":"https:\/\/guiasde.com\/alsim\/wp-json\/wp\/v2\/media\/956"}],"wp:attachment":[{"href":"https:\/\/guiasde.com\/alsim\/wp-json\/wp\/v2\/media?parent=958"}],"curies":[{"name":"wp","href":"https:\/\/api.w.org\/{rel}","templated":true}]}}